{"id":1439,"date":"2025-03-19T18:23:57","date_gmt":"2025-03-20T00:23:57","guid":{"rendered":"https:\/\/hrac.mx\/?page_id=1439"},"modified":"2025-03-19T18:31:28","modified_gmt":"2025-03-20T00:31:28","slug":"elementor-1439","status":"publish","type":"page","link":"https:\/\/hrac.mx\/?page_id=1439","title":{"rendered":"Elementor #1439"},"content":{"rendered":"\t\t<div data-elementor-type=\"wp-page\" data-elementor-id=\"1439\" class=\"elementor elementor-1439\">\n\t\t\t\t\t\t<section class=\"elementor-section elementor-top-section elementor-element elementor-element-eced09a elementor-section-boxed elementor-section-height-default elementor-section-height-default\" data-id=\"eced09a\" data-element_type=\"section\">\n\t\t\t\t\t\t<div class=\"elementor-container elementor-column-gap-default\">\n\t\t\t\t\t<div class=\"elementor-column elementor-col-100 elementor-top-column elementor-element elementor-element-3b5f02e\" data-id=\"3b5f02e\" data-element_type=\"column\">\n\t\t\t<div class=\"elementor-widget-wrap elementor-element-populated\">\n\t\t\t\t\t\t<div class=\"elementor-element elementor-element-d669b41 elementor-widget elementor-widget-heading\" data-id=\"d669b41\" data-element_type=\"widget\" data-widget_type=\"heading.default\">\n\t\t\t\t<div class=\"elementor-widget-container\">\n\t\t\t\t\t<h2 class=\"elementor-heading-title elementor-size-default\">Rescatando a los murci\u00e9lagos polinizadores y sus cuevas<\/h2>\t\t\t\t<\/div>\n\t\t\t\t<\/div>\n\t\t\t\t\t<\/div>\n\t\t<\/div>\n\t\t\t\t\t<\/div>\n\t\t<\/section>\n\t\t\t\t<section class=\"elementor-section elementor-top-section elementor-element elementor-element-1d7cb0b elementor-section-boxed elementor-section-height-default elementor-section-height-default\" data-id=\"1d7cb0b\" data-element_type=\"section\">\n\t\t\t\t\t\t<div class=\"elementor-container elementor-column-gap-default\">\n\t\t\t\t\t<div class=\"elementor-column elementor-col-100 elementor-top-column elementor-element elementor-element-dd68620\" data-id=\"dd68620\" data-element_type=\"column\">\n\t\t\t<div class=\"elementor-widget-wrap elementor-element-populated\">\n\t\t\t\t\t\t<div class=\"elementor-element elementor-element-e87d283 elementor-widget elementor-widget-image\" data-id=\"e87d283\" data-element_type=\"widget\" data-widget_type=\"image.default\">\n\t\t\t\t<div class=\"elementor-widget-container\">\n\t\t\t\t\t\t\t\t\t\t\t\t\t\t\t<img fetchpriority=\"high\" decoding=\"async\" width=\"1024\" height=\"154\" src=\"https:\/\/hrac.mx\/wp-content\/uploads\/2025\/03\/Problematica-1-1024x154.jpg\" class=\"attachment-large size-large wp-image-1363\" alt=\"Problem\u00e1tica\" srcset=\"https:\/\/hrac.mx\/wp-content\/uploads\/2025\/03\/Problematica-1-1024x154.jpg 1024w, https:\/\/hrac.mx\/wp-content\/uploads\/2025\/03\/Problematica-1-300x45.jpg 300w, https:\/\/hrac.mx\/wp-content\/uploads\/2025\/03\/Problematica-1-768x115.jpg 768w, https:\/\/hrac.mx\/wp-content\/uploads\/2025\/03\/Problematica-1-1536x230.jpg 1536w, https:\/\/hrac.mx\/wp-content\/uploads\/2025\/03\/Problematica-1.jpg 2000w\" sizes=\"(max-width: 1024px) 100vw, 1024px\" \/>\t\t\t\t\t\t\t\t\t\t\t\t\t\t\t<\/div>\n\t\t\t\t<\/div>\n\t\t\t\t\t<\/div>\n\t\t<\/div>\n\t\t\t\t\t<\/div>\n\t\t<\/section>\n\t\t\t\t<section class=\"elementor-section elementor-top-section elementor-element elementor-element-fc76461 elementor-section-boxed elementor-section-height-default elementor-section-height-default\" data-id=\"fc76461\" data-element_type=\"section\">\n\t\t\t\t\t\t<div class=\"elementor-container elementor-column-gap-default\">\n\t\t\t\t\t<div class=\"elementor-column elementor-col-100 elementor-top-column elementor-element elementor-element-cc3cd3f\" data-id=\"cc3cd3f\" data-element_type=\"column\">\n\t\t\t<div class=\"elementor-widget-wrap elementor-element-populated\">\n\t\t\t\t\t\t<div class=\"elementor-element elementor-element-b0465ef elementor-widget elementor-widget-text-editor\" data-id=\"b0465ef\" data-element_type=\"widget\" data-widget_type=\"text-editor.default\">\n\t\t\t\t<div class=\"elementor-widget-container\">\n\t\t\t\t\t\t\t\t\t<p><span style=\"font-weight: 400;\">Aunque los murci\u00e9lagos proporcionan importantes servicios ecosist\u00e9micos como son la dispersi\u00f3n de semillas, el control de plagas en la agricultura y la polinizaci\u00f3n de plantas sobre todo en \u00e1reas des\u00e9rticas, se estima que el 80% de las especies de murci\u00e9lagos a nivel mundial necesitan acciones de conservaci\u00f3n ya que enfrentan amenazas como la fragmentaci\u00f3n y p\u00e9rdida del h\u00e1bitat, el disturbio en sus refugios, las enfermedades y el da\u00f1o causado por los humanos debido a los estigmas y mitos que se tienen sobre estos animales tales como quemar sus cuevas, bloquear las salidas, capturarlos, envenenarlos o destruir sus refugios (Ojeda, 2017).<\/span><\/p>\t\t\t\t\t\t\t\t<\/div>\n\t\t\t\t<\/div>\n\t\t\t\t\t<\/div>\n\t\t<\/div>\n\t\t\t\t\t<\/div>\n\t\t<\/section>\n\t\t\t\t<section class=\"elementor-section elementor-top-section elementor-element elementor-element-7ad68de elementor-section-boxed elementor-section-height-default elementor-section-height-default\" data-id=\"7ad68de\" data-element_type=\"section\">\n\t\t\t\t\t\t<div class=\"elementor-container elementor-column-gap-default\">\n\t\t\t\t\t<div class=\"elementor-column elementor-col-100 elementor-top-column elementor-element elementor-element-6c85154\" data-id=\"6c85154\" data-element_type=\"column\">\n\t\t\t<div class=\"elementor-widget-wrap elementor-element-populated\">\n\t\t\t\t\t\t<div class=\"elementor-element elementor-element-03f0040 elementor-widget elementor-widget-image\" data-id=\"03f0040\" data-element_type=\"widget\" data-widget_type=\"image.default\">\n\t\t\t\t<div class=\"elementor-widget-container\">\n\t\t\t\t\t\t\t\t\t\t\t\t\t\t\t<img decoding=\"async\" width=\"1024\" height=\"154\" src=\"https:\/\/hrac.mx\/wp-content\/uploads\/2025\/03\/Estategias-1024x154.jpg\" class=\"attachment-large size-large wp-image-1362\" alt=\"Acciones estrat\u00e9gicas para combatir las problem\u00e1ticas ambientales\" srcset=\"https:\/\/hrac.mx\/wp-content\/uploads\/2025\/03\/Estategias-1024x154.jpg 1024w, https:\/\/hrac.mx\/wp-content\/uploads\/2025\/03\/Estategias-300x45.jpg 300w, https:\/\/hrac.mx\/wp-content\/uploads\/2025\/03\/Estategias-768x115.jpg 768w, https:\/\/hrac.mx\/wp-content\/uploads\/2025\/03\/Estategias-1536x230.jpg 1536w, https:\/\/hrac.mx\/wp-content\/uploads\/2025\/03\/Estategias.jpg 2000w\" sizes=\"(max-width: 1024px) 100vw, 1024px\" \/>\t\t\t\t\t\t\t\t\t\t\t\t\t\t\t<\/div>\n\t\t\t\t<\/div>\n\t\t\t\t\t<\/div>\n\t\t<\/div>\n\t\t\t\t\t<\/div>\n\t\t<\/section>\n\t\t\t\t<section class=\"elementor-section elementor-top-section elementor-element elementor-element-de2965d elementor-section-boxed elementor-section-height-default elementor-section-height-default\" data-id=\"de2965d\" data-element_type=\"section\">\n\t\t\t\t\t\t<div class=\"elementor-container elementor-column-gap-default\">\n\t\t\t\t\t<div class=\"elementor-column elementor-col-100 elementor-top-column elementor-element elementor-element-a092bed\" data-id=\"a092bed\" data-element_type=\"column\">\n\t\t\t<div class=\"elementor-widget-wrap elementor-element-populated\">\n\t\t\t\t\t\t<div class=\"elementor-element elementor-element-1bcfcbb elementor-widget elementor-widget-text-editor\" data-id=\"1bcfcbb\" data-element_type=\"widget\" data-widget_type=\"text-editor.default\">\n\t\t\t\t<div class=\"elementor-widget-container\">\n\t\t\t\t\t\t\t\t\t<p>Buscamos <span style=\"font-weight: 400;\">disminuir el disturbio de los refugios principalmente para evitar el intercambio de pat\u00f3genos, fomentando ambientes saludables donde los murci\u00e9lagos y los humanos coexisten sin riesgo de transmisi\u00f3n de enfermedades, a trav\u00e9s de talleres de concientizaci\u00f3n; as\u00ed como la recuperaci\u00f3n de los sitios alimentaci\u00f3n de los murci\u00e9lagos en el \u00e1rea de influencia de las cuevas monitoreadas<\/span><\/p>\t\t\t\t\t\t\t\t<\/div>\n\t\t\t\t<\/div>\n\t\t\t\t\t<\/div>\n\t\t<\/div>\n\t\t\t\t\t<\/div>\n\t\t<\/section>\n\t\t\t\t<section class=\"elementor-section elementor-top-section elementor-element elementor-element-b345ab2 elementor-section-boxed elementor-section-height-default elementor-section-height-default\" data-id=\"b345ab2\" data-element_type=\"section\">\n\t\t\t\t\t\t<div class=\"elementor-container elementor-column-gap-default\">\n\t\t\t\t\t<div class=\"elementor-column elementor-col-100 elementor-top-column elementor-element elementor-element-77d8617\" data-id=\"77d8617\" data-element_type=\"column\">\n\t\t\t<div class=\"elementor-widget-wrap elementor-element-populated\">\n\t\t\t\t\t\t<div class=\"elementor-element elementor-element-beb3f3b elementor-widget elementor-widget-spacer\" data-id=\"beb3f3b\" data-element_type=\"widget\" data-widget_type=\"spacer.default\">\n\t\t\t\t<div class=\"elementor-widget-container\">\n\t\t\t\t\t\t\t<div class=\"elementor-spacer\">\n\t\t\t<div class=\"elementor-spacer-inner\"><\/div>\n\t\t<\/div>\n\t\t\t\t\t\t<\/div>\n\t\t\t\t<\/div>\n\t\t\t\t\t<\/div>\n\t\t<\/div>\n\t\t\t\t\t<\/div>\n\t\t<\/section>\n\t\t\t\t<section class=\"elementor-section elementor-top-section elementor-element elementor-element-1eadcf4 elementor-section-boxed elementor-section-height-default elementor-section-height-default\" data-id=\"1eadcf4\" data-element_type=\"section\">\n\t\t\t\t\t\t<div class=\"elementor-container elementor-column-gap-default\">\n\t\t\t\t\t<div class=\"elementor-column elementor-col-100 elementor-top-column elementor-element elementor-element-f67ef7e\" data-id=\"f67ef7e\" data-element_type=\"column\">\n\t\t\t<div class=\"elementor-widget-wrap elementor-element-populated\">\n\t\t\t\t\t\t<div class=\"elementor-element elementor-element-dca82db elementor-widget elementor-widget-heading\" data-id=\"dca82db\" data-element_type=\"widget\" data-widget_type=\"heading.default\">\n\t\t\t\t<div class=\"elementor-widget-container\">\n\t\t\t\t\t<h2 class=\"elementor-heading-title elementor-size-default\">\u00bfSab\u00edas qu\u00e9...?<\/h2>\t\t\t\t<\/div>\n\t\t\t\t<\/div>\n\t\t\t\t\t<\/div>\n\t\t<\/div>\n\t\t\t\t\t<\/div>\n\t\t<\/section>\n\t\t\t\t<section class=\"elementor-section elementor-top-section elementor-element elementor-element-df497d1 elementor-section-boxed elementor-section-height-default elementor-section-height-default\" data-id=\"df497d1\" data-element_type=\"section\">\n\t\t\t\t\t\t<div class=\"elementor-container elementor-column-gap-default\">\n\t\t\t\t\t<div class=\"elementor-column elementor-col-100 elementor-top-column elementor-element elementor-element-f9fed1a\" data-id=\"f9fed1a\" data-element_type=\"column\">\n\t\t\t<div class=\"elementor-widget-wrap elementor-element-populated\">\n\t\t\t\t\t\t<div class=\"elementor-element elementor-element-caa9a7d elementor-widget elementor-widget-text-editor\" data-id=\"caa9a7d\" data-element_type=\"widget\" data-widget_type=\"text-editor.default\">\n\t\t\t\t<div class=\"elementor-widget-container\">\n\t\t\t\t\t\t\t\t\t<p style=\"text-align: right;\"><span style=\"color: #808080;\"><span style=\"font-weight: 400;\">Una de las enfermedades m\u00e1s graves que enfrentan los murci\u00e9lagos hoy en d\u00eda es ocasionada por un hongo (<\/span><i><span style=\"font-weight: 400;\">Pseudogymnoascus destructans<\/span><\/i><span style=\"font-weight: 400;\">), el cual lleg\u00f3 a Am\u00e9rica a partir de equipo no desinfectado de espele\u00f3logos que fueron a cuevas de Eurasia y sin darse cuenta se llevaron esporas del hongo mencionado, el cual ha ocasionado una de las tasas de mortandad m\u00e1s altas en toda la historia evolutiva de los murci\u00e9lagos. Su dispersi\u00f3n por M\u00e9xico puede ser inminente si no se adoptan las medidas de limpieza antes y despu\u00e9s de salir de refugios.<\/span><\/span><\/p>\t\t\t\t\t\t\t\t<\/div>\n\t\t\t\t<\/div>\n\t\t\t\t\t<\/div>\n\t\t<\/div>\n\t\t\t\t\t<\/div>\n\t\t<\/section>\n\t\t\t\t<section class=\"elementor-section elementor-top-section elementor-element elementor-element-9423797 elementor-section-boxed elementor-section-height-default elementor-section-height-default\" data-id=\"9423797\" data-element_type=\"section\">\n\t\t\t\t\t\t<div class=\"elementor-container elementor-column-gap-default\">\n\t\t\t\t\t<div class=\"elementor-column elementor-col-33 elementor-top-column elementor-element elementor-element-52127af\" data-id=\"52127af\" data-element_type=\"column\">\n\t\t\t<div class=\"elementor-widget-wrap elementor-element-populated\">\n\t\t\t\t\t\t<div class=\"elementor-element elementor-element-6022ca9 elementor-widget elementor-widget-text-editor\" data-id=\"6022ca9\" data-element_type=\"widget\" data-widget_type=\"text-editor.default\">\n\t\t\t\t<div class=\"elementor-widget-container\">\n\t\t\t\t\t\t\t\t\t<p>\u00daltima actualizaci\u00f3n: Marzo 2025<\/p><p>Autor: H\u00c1BITATS RESILIENTES<\/p>\t\t\t\t\t\t\t\t<\/div>\n\t\t\t\t<\/div>\n\t\t\t\t\t<\/div>\n\t\t<\/div>\n\t\t\t\t<div class=\"elementor-column elementor-col-33 elementor-top-column elementor-element elementor-element-b81a65b\" data-id=\"b81a65b\" data-element_type=\"column\">\n\t\t\t<div class=\"elementor-widget-wrap elementor-element-populated\">\n\t\t\t\t\t\t<div class=\"elementor-element elementor-element-fb4789e elementor-widget elementor-widget-text-editor\" data-id=\"fb4789e\" data-element_type=\"widget\" data-widget_type=\"text-editor.default\">\n\t\t\t\t<div class=\"elementor-widget-container\">\n\t\t\t\t\t\t\t\t\t<p><\/p>\n<p style=\"text-align: right;\"><br><\/p><p style=\"text-align: right;\">Con el financiamiento de:<\/p>\t\t\t\t\t\t\t\t<\/div>\n\t\t\t\t<\/div>\n\t\t\t\t\t<\/div>\n\t\t<\/div>\n\t\t\t\t<div class=\"elementor-column elementor-col-33 elementor-top-column elementor-element elementor-element-1b36480\" data-id=\"1b36480\" data-element_type=\"column\">\n\t\t\t<div class=\"elementor-widget-wrap elementor-element-populated\">\n\t\t\t\t\t\t<div class=\"elementor-element elementor-element-2eb9a4b elementor-widget elementor-widget-image\" data-id=\"2eb9a4b\" data-element_type=\"widget\" data-widget_type=\"image.default\">\n\t\t\t\t<div class=\"elementor-widget-container\">\n\t\t\t\t\t\t\t\t\t\t\t\t\t\t\t<img decoding=\"async\" width=\"150\" height=\"150\" src=\"https:\/\/hrac.mx\/wp-content\/uploads\/2025\/03\/simiplaneta-150x150.jpg\" class=\"attachment-thumbnail size-thumbnail wp-image-1441\" alt=\"\" \/>\t\t\t\t\t\t\t\t\t\t\t\t\t\t\t<\/div>\n\t\t\t\t<\/div>\n\t\t\t\t\t<\/div>\n\t\t<\/div>\n\t\t\t\t\t<\/div>\n\t\t<\/section>\n\t\t\t\t<\/div>\n\t\t","protected":false},"excerpt":{"rendered":"<p>Rescatando a los murci\u00e9lagos polinizadores y sus cuevas Aunque los murci\u00e9lagos proporcionan importantes servicios ecosist\u00e9micos como son la dispersi\u00f3n de semillas, el control de plagas en la agricultura y la polinizaci\u00f3n de plantas sobre todo en \u00e1reas des\u00e9rticas, se estima que el 80% de las especies de murci\u00e9lagos a nivel mundial necesitan acciones de conservaci\u00f3n [&hellip;]<\/p>\n","protected":false},"author":1,"featured_media":0,"parent":0,"menu_order":0,"comment_status":"closed","ping_status":"closed","template":"","meta":{"om_disable_all_campaigns":false,"site-sidebar-layout":"no-sidebar","site-content-layout":"page-builder","ast-site-content-layout":"full-width-container","site-content-style":"default","site-sidebar-style":"default","ast-global-header-display":"","ast-banner-title-visibility":"","ast-main-header-display":"","ast-hfb-above-header-display":"","ast-hfb-below-header-display":"","ast-hfb-mobile-header-display":"","site-post-title":"disabled","ast-breadcrumbs-content":"","ast-featured-img":"disabled","footer-sml-layout":"","theme-transparent-header-meta":"","adv-header-id-meta":"","stick-header-meta":"","header-above-stick-meta":"","header-main-stick-meta":"","header-below-stick-meta":"","astra-migrate-meta-layouts":"set","ast-page-background-enabled":"default","ast-page-background-meta":{"desktop":{"background-color":"var(--ast-global-color-4)","background-image":"","background-repeat":"repeat","background-position":"center center","background-size":"auto","background-attachment":"scroll","background-type":"","background-media":"","overlay-type":"","overlay-color":"","overlay-gradient":""},"tablet":{"background-color":"","background-image":"","background-repeat":"repeat","background-position":"center center","background-size":"auto","background-attachment":"scroll","background-type":"","background-media":"","overlay-type":"","overlay-color":"","overlay-gradient":""},"mobile":{"background-color":"","background-image":"","background-repeat":"repeat","background-position":"center center","background-size":"auto","background-attachment":"scroll","background-type":"","background-media":"","overlay-type":"","overlay-color":"","overlay-gradient":""}},"ast-content-background-meta":{"desktop":{"background-color":"var(--ast-global-color-5)","background-image":"","background-repeat":"repeat","background-position":"center center","background-size":"auto","background-attachment":"scroll","background-type":"","background-media":"","overlay-type":"","overlay-color":"","overlay-gradient":""},"tablet":{"background-color":"var(--ast-global-color-5)","background-image":"","background-repeat":"repeat","background-position":"center center","background-size":"auto","background-attachment":"scroll","background-type":"","background-media":"","overlay-type":"","overlay-color":"","overlay-gradient":""},"mobile":{"background-color":"var(--ast-global-color-5)","background-image":"","background-repeat":"repeat","background-position":"center center","background-size":"auto","background-attachment":"scroll","background-type":"","background-media":"","overlay-type":"","overlay-color":"","overlay-gradient":""}},"footnotes":""},"class_list":["post-1439","page","type-page","status-publish","hentry"],"yoast_head":"<!-- This site is optimized with the Yoast SEO plugin v25.3.1 - https:\/\/yoast.com\/wordpress\/plugins\/seo\/ -->\n<title>Elementor #1439 &#187; hrac.mx<\/title>\n<meta name=\"robots\" content=\"index, follow, max-snippet:-1, max-image-preview:large, max-video-preview:-1\" \/>\n<link rel=\"canonical\" href=\"https:\/\/hrac.mx\/?page_id=1439\" \/>\n<meta property=\"og:locale\" content=\"es_MX\" \/>\n<meta property=\"og:type\" content=\"article\" \/>\n<meta property=\"og:title\" content=\"Elementor #1439 &#187; hrac.mx\" \/>\n<meta property=\"og:description\" content=\"Rescatando a los murci\u00e9lagos polinizadores y sus cuevas Aunque los murci\u00e9lagos proporcionan importantes servicios ecosist\u00e9micos como son la dispersi\u00f3n de semillas, el control de plagas en la agricultura y la polinizaci\u00f3n de plantas sobre todo en \u00e1reas des\u00e9rticas, se estima que el 80% de las especies de murci\u00e9lagos a nivel mundial necesitan acciones de conservaci\u00f3n [&hellip;]\" \/>\n<meta property=\"og:url\" content=\"https:\/\/hrac.mx\/?page_id=1439\" \/>\n<meta property=\"og:site_name\" content=\"hrac.mx\" \/>\n<meta property=\"article:publisher\" content=\"https:\/\/www.facebook.com\/H%c3%a1bitats-resilientes-AC-108879090900599\/?modal=admin_todo_tour\" \/>\n<meta property=\"article:modified_time\" content=\"2025-03-20T00:31:28+00:00\" \/>\n<meta property=\"og:image\" content=\"https:\/\/hrac.mx\/wp-content\/uploads\/2025\/03\/Problematica-1.jpg\" \/>\n\t<meta property=\"og:image:width\" content=\"2000\" \/>\n\t<meta property=\"og:image:height\" content=\"300\" \/>\n\t<meta property=\"og:image:type\" content=\"image\/jpeg\" \/>\n<meta name=\"twitter:card\" content=\"summary_large_image\" \/>\n<meta name=\"twitter:site\" content=\"@habitatsresili1\" \/>\n<meta name=\"twitter:label1\" content=\"Tiempo de lectura\" \/>\n\t<meta name=\"twitter:data1\" content=\"2 minutos\" \/>\n<script type=\"application\/ld+json\" class=\"yoast-schema-graph\">{\"@context\":\"https:\/\/schema.org\",\"@graph\":[{\"@type\":\"WebPage\",\"@id\":\"https:\/\/hrac.mx\/?page_id=1439\",\"url\":\"https:\/\/hrac.mx\/?page_id=1439\",\"name\":\"Elementor #1439 &#187; hrac.mx\",\"isPartOf\":{\"@id\":\"https:\/\/hrac.mx\/#website\"},\"primaryImageOfPage\":{\"@id\":\"https:\/\/hrac.mx\/?page_id=1439#primaryimage\"},\"image\":{\"@id\":\"https:\/\/hrac.mx\/?page_id=1439#primaryimage\"},\"thumbnailUrl\":\"http:\/\/hrac.mx\/wp-content\/uploads\/2025\/03\/Problematica-1-1024x154.jpg\",\"datePublished\":\"2025-03-20T00:23:57+00:00\",\"dateModified\":\"2025-03-20T00:31:28+00:00\",\"breadcrumb\":{\"@id\":\"https:\/\/hrac.mx\/?page_id=1439#breadcrumb\"},\"inLanguage\":\"es\",\"potentialAction\":[{\"@type\":\"ReadAction\",\"target\":[\"https:\/\/hrac.mx\/?page_id=1439\"]}]},{\"@type\":\"ImageObject\",\"inLanguage\":\"es\",\"@id\":\"https:\/\/hrac.mx\/?page_id=1439#primaryimage\",\"url\":\"https:\/\/hrac.mx\/wp-content\/uploads\/2025\/03\/Problematica-1.jpg\",\"contentUrl\":\"https:\/\/hrac.mx\/wp-content\/uploads\/2025\/03\/Problematica-1.jpg\",\"width\":2000,\"height\":300,\"caption\":\"Problem\u00e1tica ambiental en el sitio del proyecto\"},{\"@type\":\"BreadcrumbList\",\"@id\":\"https:\/\/hrac.mx\/?page_id=1439#breadcrumb\",\"itemListElement\":[{\"@type\":\"ListItem\",\"position\":1,\"name\":\"Home\",\"item\":\"https:\/\/hrac.mx\/\"},{\"@type\":\"ListItem\",\"position\":2,\"name\":\"Elementor #1439\"}]},{\"@type\":\"WebSite\",\"@id\":\"https:\/\/hrac.mx\/#website\",\"url\":\"https:\/\/hrac.mx\/\",\"name\":\"hrac.mx\",\"description\":\"Conservaci\u00f3n del medio ambiente\",\"publisher\":{\"@id\":\"https:\/\/hrac.mx\/#organization\"},\"potentialAction\":[{\"@type\":\"SearchAction\",\"target\":{\"@type\":\"EntryPoint\",\"urlTemplate\":\"https:\/\/hrac.mx\/?s={search_term_string}\"},\"query-input\":{\"@type\":\"PropertyValueSpecification\",\"valueRequired\":true,\"valueName\":\"search_term_string\"}}],\"inLanguage\":\"es\"},{\"@type\":\"Organization\",\"@id\":\"https:\/\/hrac.mx\/#organization\",\"name\":\"H\u00e1bitats Resilientes A.C.\",\"url\":\"https:\/\/hrac.mx\/\",\"logo\":{\"@type\":\"ImageObject\",\"inLanguage\":\"es\",\"@id\":\"https:\/\/hrac.mx\/#\/schema\/logo\/image\/\",\"url\":\"https:\/\/hrac.mx\/wp-content\/uploads\/2020\/07\/HR_RGB-01-1.png\",\"contentUrl\":\"https:\/\/hrac.mx\/wp-content\/uploads\/2020\/07\/HR_RGB-01-1.png\",\"width\":1063,\"height\":827,\"caption\":\"H\u00e1bitats Resilientes A.C.\"},\"image\":{\"@id\":\"https:\/\/hrac.mx\/#\/schema\/logo\/image\/\"},\"sameAs\":[\"https:\/\/www.facebook.com\/H\u00e1bitats-resilientes-AC-108879090900599\/?modal=admin_todo_tour\",\"https:\/\/x.com\/habitatsresili1\",\"https:\/\/www.instagram.com\/habitatsresilientesmx\/\"]}]}<\/script>\n<!-- \/ Yoast SEO plugin. -->","yoast_head_json":{"title":"Elementor #1439 &#187; hrac.mx","robots":{"index":"index","follow":"follow","max-snippet":"max-snippet:-1","max-image-preview":"max-image-preview:large","max-video-preview":"max-video-preview:-1"},"canonical":"https:\/\/hrac.mx\/?page_id=1439","og_locale":"es_MX","og_type":"article","og_title":"Elementor #1439 &#187; hrac.mx","og_description":"Rescatando a los murci\u00e9lagos polinizadores y sus cuevas Aunque los murci\u00e9lagos proporcionan importantes servicios ecosist\u00e9micos como son la dispersi\u00f3n de semillas, el control de plagas en la agricultura y la polinizaci\u00f3n de plantas sobre todo en \u00e1reas des\u00e9rticas, se estima que el 80% de las especies de murci\u00e9lagos a nivel mundial necesitan acciones de conservaci\u00f3n [&hellip;]","og_url":"https:\/\/hrac.mx\/?page_id=1439","og_site_name":"hrac.mx","article_publisher":"https:\/\/www.facebook.com\/H%c3%a1bitats-resilientes-AC-108879090900599\/?modal=admin_todo_tour","article_modified_time":"2025-03-20T00:31:28+00:00","og_image":[{"width":2000,"height":300,"url":"https:\/\/hrac.mx\/wp-content\/uploads\/2025\/03\/Problematica-1.jpg","type":"image\/jpeg"}],"twitter_card":"summary_large_image","twitter_site":"@habitatsresili1","twitter_misc":{"Tiempo de lectura":"2 minutos"},"schema":{"@context":"https:\/\/schema.org","@graph":[{"@type":"WebPage","@id":"https:\/\/hrac.mx\/?page_id=1439","url":"https:\/\/hrac.mx\/?page_id=1439","name":"Elementor #1439 &#187; hrac.mx","isPartOf":{"@id":"https:\/\/hrac.mx\/#website"},"primaryImageOfPage":{"@id":"https:\/\/hrac.mx\/?page_id=1439#primaryimage"},"image":{"@id":"https:\/\/hrac.mx\/?page_id=1439#primaryimage"},"thumbnailUrl":"http:\/\/hrac.mx\/wp-content\/uploads\/2025\/03\/Problematica-1-1024x154.jpg","datePublished":"2025-03-20T00:23:57+00:00","dateModified":"2025-03-20T00:31:28+00:00","breadcrumb":{"@id":"https:\/\/hrac.mx\/?page_id=1439#breadcrumb"},"inLanguage":"es","potentialAction":[{"@type":"ReadAction","target":["https:\/\/hrac.mx\/?page_id=1439"]}]},{"@type":"ImageObject","inLanguage":"es","@id":"https:\/\/hrac.mx\/?page_id=1439#primaryimage","url":"https:\/\/hrac.mx\/wp-content\/uploads\/2025\/03\/Problematica-1.jpg","contentUrl":"https:\/\/hrac.mx\/wp-content\/uploads\/2025\/03\/Problematica-1.jpg","width":2000,"height":300,"caption":"Problem\u00e1tica ambiental en el sitio del proyecto"},{"@type":"BreadcrumbList","@id":"https:\/\/hrac.mx\/?page_id=1439#breadcrumb","itemListElement":[{"@type":"ListItem","position":1,"name":"Home","item":"https:\/\/hrac.mx\/"},{"@type":"ListItem","position":2,"name":"Elementor #1439"}]},{"@type":"WebSite","@id":"https:\/\/hrac.mx\/#website","url":"https:\/\/hrac.mx\/","name":"hrac.mx","description":"Conservaci\u00f3n del medio ambiente","publisher":{"@id":"https:\/\/hrac.mx\/#organization"},"potentialAction":[{"@type":"SearchAction","target":{"@type":"EntryPoint","urlTemplate":"https:\/\/hrac.mx\/?s={search_term_string}"},"query-input":{"@type":"PropertyValueSpecification","valueRequired":true,"valueName":"search_term_string"}}],"inLanguage":"es"},{"@type":"Organization","@id":"https:\/\/hrac.mx\/#organization","name":"H\u00e1bitats Resilientes A.C.","url":"https:\/\/hrac.mx\/","logo":{"@type":"ImageObject","inLanguage":"es","@id":"https:\/\/hrac.mx\/#\/schema\/logo\/image\/","url":"https:\/\/hrac.mx\/wp-content\/uploads\/2020\/07\/HR_RGB-01-1.png","contentUrl":"https:\/\/hrac.mx\/wp-content\/uploads\/2020\/07\/HR_RGB-01-1.png","width":1063,"height":827,"caption":"H\u00e1bitats Resilientes A.C."},"image":{"@id":"https:\/\/hrac.mx\/#\/schema\/logo\/image\/"},"sameAs":["https:\/\/www.facebook.com\/H\u00e1bitats-resilientes-AC-108879090900599\/?modal=admin_todo_tour","https:\/\/x.com\/habitatsresili1","https:\/\/www.instagram.com\/habitatsresilientesmx\/"]}]}},"_links":{"self":[{"href":"https:\/\/hrac.mx\/index.php?rest_route=\/wp\/v2\/pages\/1439","targetHints":{"allow":["GET"]}}],"collection":[{"href":"https:\/\/hrac.mx\/index.php?rest_route=\/wp\/v2\/pages"}],"about":[{"href":"https:\/\/hrac.mx\/index.php?rest_route=\/wp\/v2\/types\/page"}],"author":[{"embeddable":true,"href":"https:\/\/hrac.mx\/index.php?rest_route=\/wp\/v2\/users\/1"}],"replies":[{"embeddable":true,"href":"https:\/\/hrac.mx\/index.php?rest_route=%2Fwp%2Fv2%2Fcomments&post=1439"}],"version-history":[{"count":7,"href":"https:\/\/hrac.mx\/index.php?rest_route=\/wp\/v2\/pages\/1439\/revisions"}],"predecessor-version":[{"id":1448,"href":"https:\/\/hrac.mx\/index.php?rest_route=\/wp\/v2\/pages\/1439\/revisions\/1448"}],"wp:attachment":[{"href":"https:\/\/hrac.mx\/index.php?rest_route=%2Fwp%2Fv2%2Fmedia&parent=1439"}],"curies":[{"name":"wp","href":"https:\/\/api.w.org\/{rel}","templated":true}]}}