{"id":1499,"date":"2025-07-06T17:08:59","date_gmt":"2025-07-06T23:08:59","guid":{"rendered":"https:\/\/hrac.mx\/?page_id=1499"},"modified":"2025-07-06T19:53:31","modified_gmt":"2025-07-07T01:53:31","slug":"catalogo-de-servicios","status":"publish","type":"page","link":"https:\/\/hrac.mx\/?page_id=1499","title":{"rendered":"Cat\u00e1logo de servicios"},"content":{"rendered":"\t\t<div data-elementor-type=\"wp-page\" data-elementor-id=\"1499\" class=\"elementor elementor-1499\">\n\t\t\t\t\t\t<section class=\"elementor-section elementor-top-section elementor-element elementor-element-842efbd elementor-section-boxed elementor-section-height-default elementor-section-height-default\" data-id=\"842efbd\" data-element_type=\"section\">\n\t\t\t\t\t\t<div class=\"elementor-container elementor-column-gap-default\">\n\t\t\t\t\t<div class=\"elementor-column elementor-col-100 elementor-top-column elementor-element elementor-element-1a4f474\" data-id=\"1a4f474\" data-element_type=\"column\">\n\t\t\t<div class=\"elementor-widget-wrap elementor-element-populated\">\n\t\t\t\t\t\t<div class=\"elementor-element elementor-element-0a19d43 elementor-widget elementor-widget-heading\" data-id=\"0a19d43\" data-element_type=\"widget\" data-widget_type=\"heading.default\">\n\t\t\t\t<div class=\"elementor-widget-container\">\n\t\t\t\t\t<h2 class=\"elementor-heading-title elementor-size-default\">Cat\u00e1logo de servicios<\/h2>\t\t\t\t<\/div>\n\t\t\t\t<\/div>\n\t\t\t\t\t<\/div>\n\t\t<\/div>\n\t\t\t\t\t<\/div>\n\t\t<\/section>\n\t\t\t\t<section class=\"elementor-section elementor-top-section elementor-element elementor-element-24e9278 elementor-section-full_width elementor-section-height-full elementor-section-height-default elementor-section-items-middle\" data-id=\"24e9278\" data-element_type=\"section\">\n\t\t\t\t\t\t<div class=\"elementor-container elementor-column-gap-default\">\n\t\t\t\t\t<div class=\"elementor-column elementor-col-33 elementor-top-column elementor-element elementor-element-7c04b4a\" data-id=\"7c04b4a\" data-element_type=\"column\">\n\t\t\t<div class=\"elementor-widget-wrap elementor-element-populated\">\n\t\t\t\t\t\t<div class=\"elementor-element elementor-element-f3cfd57 elementor-widget elementor-widget-text-editor\" data-id=\"f3cfd57\" data-element_type=\"widget\" data-widget_type=\"text-editor.default\">\n\t\t\t\t<div class=\"elementor-widget-container\">\n\t\t\t\t\t\t\t\t\t<p style=\"text-align: right;\"><strong data-start=\"114\" data-end=\"154\">Descubre c\u00f3mo podemos hacer juntos el cambio <\/strong>\u279c<\/p><p style=\"text-align: right;\">Conoce nuestro cat\u00e1logo de servicios, dise\u00f1ado para contribuir al desarrollo sostenible, la conservaci\u00f3n de los ecosistemas y el fortalecimiento de las comunidades. Cada proyecto es una oportunidad para crear <strong>impacto real<\/strong>. \u00a1Explora nuestras propuestas y encuentra la que mejor se alinea con tus objetivos!<\/p><p style=\"text-align: right;\"><a href=\"mailto:humberto.escalon@hrac.mx\">\u2709Cont\u00e1ctanos<\/a><br \/>M.C. Humberto Escal\u00f3n<br \/>Departamento de Sustentabilidad<\/p>\t\t\t\t\t\t\t\t<\/div>\n\t\t\t\t<\/div>\n\t\t\t\t\t<\/div>\n\t\t<\/div>\n\t\t\t\t<div class=\"elementor-column elementor-col-66 elementor-top-column elementor-element elementor-element-b5a4358\" data-id=\"b5a4358\" data-element_type=\"column\">\n\t\t\t<div class=\"elementor-widget-wrap elementor-element-populated\">\n\t\t\t\t\t\t<div class=\"elementor-element elementor-element-3c9ca02 elementor-widget elementor-widget-shortcode\" data-id=\"3c9ca02\" data-element_type=\"widget\" data-widget_type=\"shortcode.default\">\n\t\t\t\t<div class=\"elementor-widget-container\">\n\t\t\t\t\t\t\t<div class=\"elementor-shortcode\"><div class=\"_3d-flip-book  fb3d-fullscreen-mode full-size\" data-id=\"1532\" data-mode=\"fullscreen\" data-title=\"false\" data-template=\"short-white-book-view\" data-lightbox=\"dark-shadow\" data-urlparam=\"fb3d-page\" data-page-n=\"0\" data-pdf=\"\" data-tax=\"null\" data-thumbnail=\"\" data-cols=\"3\" data-book-template=\"default\" data-trigger=\"\"><\/div><script type=\"text\/javascript\">window.FB3D_CLIENT_DATA = window.FB3D_CLIENT_DATA || [];FB3D_CLIENT_DATA.push('eyJwb3N0cyI6eyIxNTMyIjp7IklEIjoxNTMyLCJ0aXRsZSI6IkNhdGFsb2dvIGRlIHNlcnZpY2lvcyBlbXByZXNhcmlhbGVzIiwidHlwZSI6InBkZiIsInJlYWR5X2Z1bmN0aW9uIjoiIiwiYm9va19zdHlsZSI6InZvbHVtZS11bnJvbGxpbmciLCJib29rX3RlbXBsYXRlIjoibm9uZSIsIm91dGxpbmUiOltdLCJkYXRhIjp7InBvc3RfSUQiOiIxNTMzIiwiZ3VpZCI6Imh0dHA6XC9cL2hyYWMubXhcL3dwLWNvbnRlbnRcL3VwbG9hZHNcLzIwMjVcLzA3XC9IUkFDLUNhdGFsb2dvLWRlLVNlcnZpY2lvcy1iay5wZGYiLCJwZGZfcGFnZXMiOiIyMCIsInBhZ2VzX2N1c3RvbWl6YXRpb24iOiJub25lIn0sInRodW1ibmFpbCI6eyJkYXRhIjp7InBvc3RfSUQiOiIwIn0sInR5cGUiOiJhdXRvIn0sInByb3BzIjp7ImJhY2tncm91bmRDb2xvciI6ImF1dG8iLCJiYWNrZ3JvdW5kSW1hZ2UiOiJhdXRvIiwiYmFja2dyb3VuZFN0eWxlIjoiYXV0byIsImhpZ2hsaWdodExpbmtzIjoiYXV0byIsImxpZ2h0aW5nIjoiYXV0byIsInNpbmdsZVBhZ2VNb2RlIjoiYXV0byIsImNhY2hlZFBhZ2VzIjoiYXV0byIsInJlbmRlckluYWN0aXZlUGFnZXMiOiJhdXRvIiwicmVuZGVySW5hY3RpdmVQYWdlc09uTW9iaWxlIjoiYXV0byIsInJlbmRlcldoaWxlRmxpcHBpbmciOiJhdXRvIiwicHJlbG9hZFBhZ2VzIjoiYXV0byIsImF1dG9QbGF5RHVyYXRpb24iOiJhdXRvIiwicnRsIjoiYXV0byIsImludGVyYWN0aXZlQ29ybmVycyI6ImF1dG8iLCJtYXhEZXB0aCI6ImF1dG8iLCJzaGVldCI6eyJzdGFydFZlbG9jaXR5IjoiYXV0byIsIndhdmUiOiJhdXRvIiwic2hhcGUiOiJhdXRvIiwid2lkdGhUZXhlbHMiOiJhdXRvIiwiY29sb3IiOiJhdXRvIiwic2lkZSI6ImF1dG8iLCJzdHJldGNoSW1hZ2VzIjoiYXV0byIsImNvcm5lckRldmlhdGlvbiI6ImF1dG8iLCJmbGV4aWJpbGl0eSI6ImF1dG8iLCJmbGV4aWJsZUNvcm5lciI6ImF1dG8iLCJiZW5kaW5nIjoiYXV0byIsImhlaWdodFRleGVscyI6ImF1dG8ifSwiY292ZXIiOnsid2F2ZSI6ImF1dG8iLCJjb2xvciI6ImF1dG8iLCJzaWRlIjoiYXV0byIsInN0cmV0Y2hJbWFnZXMiOiJhdXRvIiwiYmluZGVyVGV4dHVyZSI6ImF1dG8iLCJkZXB0aCI6ImF1dG8iLCJwYWRkaW5nIjoiYXV0byIsInN0YXJ0VmVsb2NpdHkiOiJhdXRvIiwiZmxleGliaWxpdHkiOiJhdXRvIiwiZmxleGlibGVDb3JuZXIiOiJhdXRvIiwiYmVuZGluZyI6ImF1dG8iLCJ3aWR0aFRleGVscyI6ImF1dG8iLCJoZWlnaHRUZXhlbHMiOiJhdXRvIiwibWFzcyI6ImF1dG8iLCJzaGFwZSI6ImF1dG8ifSwicGFnZSI6eyJ3YXZlIjoiYXV0byIsImNvbG9yIjoiYXV0byIsInNpZGUiOiJhdXRvIiwic3RyZXRjaEltYWdlcyI6ImF1dG8iLCJkZXB0aCI6ImF1dG8iLCJzdGFydFZlbG9jaXR5IjoiYXV0byIsImZsZXhpYmlsaXR5IjoiYXV0byIsImZsZXhpYmxlQ29ybmVyIjoiYXV0byIsImJlbmRpbmciOiJhdXRvIiwid2lkdGhUZXhlbHMiOiJhdXRvIiwiaGVpZ2h0VGV4ZWxzIjoiYXV0byIsIm1hc3MiOiJhdXRvIiwic2hhcGUiOiJhdXRvIn0sImhlaWdodCI6ImF1dG8iLCJ3aWR0aCI6ImF1dG8iLCJncmF2aXR5IjoiYXV0byIsInBhZ2VzRm9yUHJlZGljdGluZyI6ImF1dG8ifSwiY29udHJvbFByb3BzIjp7ImFjdGlvbnMiOnsiY21kVG9jIjp7ImVuYWJsZWQiOiJhdXRvIiwiZW5hYmxlZEluTmFycm93IjoiYXV0byIsImFjdGl2ZSI6ImF1dG8iLCJkZWZhdWx0VGFiIjoiYXV0byJ9LCJjbWRBdXRvUGxheSI6eyJlbmFibGVkIjoiYXV0byIsImVuYWJsZWRJbk5hcnJvdyI6ImF1dG8iLCJhY3RpdmUiOiJhdXRvIn0sImNtZFNhdmUiOnsiZW5hYmxlZCI6ImF1dG8iLCJlbmFibGVkSW5OYXJyb3ciOiJhdXRvIn0sImNtZFByaW50Ijp7ImVuYWJsZWQiOiJhdXRvIiwiZW5hYmxlZEluTmFycm93IjoiYXV0byJ9LCJjbWRTaW5nbGVQYWdlIjp7ImVuYWJsZWQiOiJhdXRvIiwiZW5hYmxlZEluTmFycm93IjoiYXV0byIsImFjdGl2ZSI6ImF1dG8iLCJhY3RpdmVGb3JNb2JpbGUiOiJhdXRvIn0sIndpZFRvb2xiYXIiOnsiZW5hYmxlZCI6ImF1dG8iLCJlbmFibGVkSW5OYXJyb3ciOiJhdXRvIn19fSwiYXV0b1RodW1ibmFpbCI6Imh0dHA6XC9cL2hyYWMubXhcL3dwLWNvbnRlbnRcL3VwbG9hZHNcLzNkLWZsaXAtYm9va1wvYXV0by10aHVtYm5haWxzXC8xNTMyLnBuZyIsInBvc3RfbmFtZSI6ImNhdGFsb2dvLWRlLXNlcnZpY2lvcy1lbXByZXNhcmlhbGVzIiwicG9zdF90eXBlIjoiM2QtZmxpcC1ib29rIn19LCJwYWdlcyI6W10sImZpcnN0UGFnZXMiOltdfQ==');window.FB3D_CLIENT_LOCALE && FB3D_CLIENT_LOCALE.render && FB3D_CLIENT_LOCALE.render();<\/script><\/div>\n\t\t\t\t\t\t<\/div>\n\t\t\t\t<\/div>\n\t\t\t\t\t<\/div>\n\t\t<\/div>\n\t\t\t\t\t<\/div>\n\t\t<\/section>\n\t\t\t\t<\/div>\n\t\t","protected":false},"excerpt":{"rendered":"<p>Cat\u00e1logo de servicios Descubre c\u00f3mo podemos hacer juntos el cambio \u279c Conoce nuestro cat\u00e1logo de servicios, dise\u00f1ado para contribuir al desarrollo sostenible, la conservaci\u00f3n de los ecosistemas y el fortalecimiento de las comunidades. Cada proyecto es una oportunidad para crear impacto real. \u00a1Explora nuestras propuestas y encuentra la que mejor se alinea con tus objetivos! [&hellip;]<\/p>\n","protected":false},"author":1,"featured_media":0,"parent":0,"menu_order":0,"comment_status":"closed","ping_status":"closed","template":"","meta":{"om_disable_all_campaigns":false,"site-sidebar-layout":"no-sidebar","site-content-layout":"page-builder","ast-site-content-layout":"full-width-container","site-content-style":"default","site-sidebar-style":"default","ast-global-header-display":"","ast-banner-title-visibility":"","ast-main-header-display":"","ast-hfb-above-header-display":"","ast-hfb-below-header-display":"","ast-hfb-mobile-header-display":"","site-post-title":"disabled","ast-breadcrumbs-content":"","ast-featured-img":"disabled","footer-sml-layout":"","theme-transparent-header-meta":"","adv-header-id-meta":"","stick-header-meta":"","header-above-stick-meta":"","header-main-stick-meta":"","header-below-stick-meta":"","astra-migrate-meta-layouts":"set","ast-page-background-enabled":"default","ast-page-background-meta":{"desktop":{"background-color":"var(--ast-global-color-4)","background-image":"","background-repeat":"repeat","background-position":"center center","background-size":"auto","background-attachment":"scroll","background-type":"","background-media":"","overlay-type":"","overlay-color":"","overlay-gradient":""},"tablet":{"background-color":"","background-image":"","background-repeat":"repeat","background-position":"center center","background-size":"auto","background-attachment":"scroll","background-type":"","background-media":"","overlay-type":"","overlay-color":"","overlay-gradient":""},"mobile":{"background-color":"","background-image":"","background-repeat":"repeat","background-position":"center center","background-size":"auto","background-attachment":"scroll","background-type":"","background-media":"","overlay-type":"","overlay-color":"","overlay-gradient":""}},"ast-content-background-meta":{"desktop":{"background-color":"var(--ast-global-color-5)","background-image":"","background-repeat":"repeat","background-position":"center center","background-size":"auto","background-attachment":"scroll","background-type":"","background-media":"","overlay-type":"","overlay-color":"","overlay-gradient":""},"tablet":{"background-color":"var(--ast-global-color-5)","background-image":"","background-repeat":"repeat","background-position":"center center","background-size":"auto","background-attachment":"scroll","background-type":"","background-media":"","overlay-type":"","overlay-color":"","overlay-gradient":""},"mobile":{"background-color":"var(--ast-global-color-5)","background-image":"","background-repeat":"repeat","background-position":"center center","background-size":"auto","background-attachment":"scroll","background-type":"","background-media":"","overlay-type":"","overlay-color":"","overlay-gradient":""}},"footnotes":""},"class_list":["post-1499","page","type-page","status-publish","hentry"],"yoast_head":"<!-- This site is optimized with the Yoast SEO plugin v25.3.1 - https:\/\/yoast.com\/wordpress\/plugins\/seo\/ -->\n<title>Cat\u00e1logo de servicios &#187; hrac.mx<\/title>\n<meta name=\"description\" content=\"Explora nuestras propuestas y encuentra la que mejor se alinea con tus objetivos de responsabilidad social empresarial\" \/>\n<meta name=\"robots\" content=\"index, follow, max-snippet:-1, max-image-preview:large, max-video-preview:-1\" \/>\n<link rel=\"canonical\" href=\"https:\/\/hrac.mx\/?page_id=1499\" \/>\n<meta property=\"og:locale\" content=\"es_MX\" \/>\n<meta property=\"og:type\" content=\"article\" \/>\n<meta property=\"og:title\" content=\"Cat\u00e1logo de servicios &#187; hrac.mx\" \/>\n<meta property=\"og:description\" content=\"Explora nuestras propuestas y encuentra la que mejor se alinea con tus objetivos de responsabilidad social empresarial\" \/>\n<meta property=\"og:url\" content=\"https:\/\/hrac.mx\/?page_id=1499\" \/>\n<meta property=\"og:site_name\" content=\"hrac.mx\" \/>\n<meta property=\"article:publisher\" content=\"https:\/\/www.facebook.com\/H%c3%a1bitats-resilientes-AC-108879090900599\/?modal=admin_todo_tour\" \/>\n<meta property=\"article:modified_time\" content=\"2025-07-07T01:53:31+00:00\" \/>\n<meta name=\"twitter:card\" content=\"summary_large_image\" \/>\n<meta name=\"twitter:site\" content=\"@habitatsresili1\" \/>\n<meta name=\"twitter:label1\" content=\"Tiempo de lectura\" \/>\n\t<meta name=\"twitter:data1\" content=\"1 minuto\" \/>\n<script type=\"application\/ld+json\" class=\"yoast-schema-graph\">{\"@context\":\"https:\/\/schema.org\",\"@graph\":[{\"@type\":\"WebPage\",\"@id\":\"https:\/\/hrac.mx\/?page_id=1499\",\"url\":\"https:\/\/hrac.mx\/?page_id=1499\",\"name\":\"Cat\u00e1logo de servicios &#187; hrac.mx\",\"isPartOf\":{\"@id\":\"https:\/\/hrac.mx\/#website\"},\"datePublished\":\"2025-07-06T23:08:59+00:00\",\"dateModified\":\"2025-07-07T01:53:31+00:00\",\"description\":\"Explora nuestras propuestas y encuentra la que mejor se alinea con tus objetivos de responsabilidad social empresarial\",\"breadcrumb\":{\"@id\":\"https:\/\/hrac.mx\/?page_id=1499#breadcrumb\"},\"inLanguage\":\"es\",\"potentialAction\":[{\"@type\":\"ReadAction\",\"target\":[\"https:\/\/hrac.mx\/?page_id=1499\"]}]},{\"@type\":\"BreadcrumbList\",\"@id\":\"https:\/\/hrac.mx\/?page_id=1499#breadcrumb\",\"itemListElement\":[{\"@type\":\"ListItem\",\"position\":1,\"name\":\"Home\",\"item\":\"https:\/\/hrac.mx\/\"},{\"@type\":\"ListItem\",\"position\":2,\"name\":\"Cat\u00e1logo de servicios\"}]},{\"@type\":\"WebSite\",\"@id\":\"https:\/\/hrac.mx\/#website\",\"url\":\"https:\/\/hrac.mx\/\",\"name\":\"hrac.mx\",\"description\":\"Conservaci\u00f3n del medio ambiente\",\"publisher\":{\"@id\":\"https:\/\/hrac.mx\/#organization\"},\"potentialAction\":[{\"@type\":\"SearchAction\",\"target\":{\"@type\":\"EntryPoint\",\"urlTemplate\":\"https:\/\/hrac.mx\/?s={search_term_string}\"},\"query-input\":{\"@type\":\"PropertyValueSpecification\",\"valueRequired\":true,\"valueName\":\"search_term_string\"}}],\"inLanguage\":\"es\"},{\"@type\":\"Organization\",\"@id\":\"https:\/\/hrac.mx\/#organization\",\"name\":\"H\u00e1bitats Resilientes A.C.\",\"url\":\"https:\/\/hrac.mx\/\",\"logo\":{\"@type\":\"ImageObject\",\"inLanguage\":\"es\",\"@id\":\"https:\/\/hrac.mx\/#\/schema\/logo\/image\/\",\"url\":\"https:\/\/hrac.mx\/wp-content\/uploads\/2020\/07\/HR_RGB-01-1.png\",\"contentUrl\":\"https:\/\/hrac.mx\/wp-content\/uploads\/2020\/07\/HR_RGB-01-1.png\",\"width\":1063,\"height\":827,\"caption\":\"H\u00e1bitats Resilientes A.C.\"},\"image\":{\"@id\":\"https:\/\/hrac.mx\/#\/schema\/logo\/image\/\"},\"sameAs\":[\"https:\/\/www.facebook.com\/H\u00e1bitats-resilientes-AC-108879090900599\/?modal=admin_todo_tour\",\"https:\/\/x.com\/habitatsresili1\",\"https:\/\/www.instagram.com\/habitatsresilientesmx\/\"]}]}<\/script>\n<!-- \/ Yoast SEO plugin. -->","yoast_head_json":{"title":"Cat\u00e1logo de servicios &#187; hrac.mx","description":"Explora nuestras propuestas y encuentra la que mejor se alinea con tus objetivos de responsabilidad social empresarial","robots":{"index":"index","follow":"follow","max-snippet":"max-snippet:-1","max-image-preview":"max-image-preview:large","max-video-preview":"max-video-preview:-1"},"canonical":"https:\/\/hrac.mx\/?page_id=1499","og_locale":"es_MX","og_type":"article","og_title":"Cat\u00e1logo de servicios &#187; hrac.mx","og_description":"Explora nuestras propuestas y encuentra la que mejor se alinea con tus objetivos de responsabilidad social empresarial","og_url":"https:\/\/hrac.mx\/?page_id=1499","og_site_name":"hrac.mx","article_publisher":"https:\/\/www.facebook.com\/H%c3%a1bitats-resilientes-AC-108879090900599\/?modal=admin_todo_tour","article_modified_time":"2025-07-07T01:53:31+00:00","twitter_card":"summary_large_image","twitter_site":"@habitatsresili1","twitter_misc":{"Tiempo de lectura":"1 minuto"},"schema":{"@context":"https:\/\/schema.org","@graph":[{"@type":"WebPage","@id":"https:\/\/hrac.mx\/?page_id=1499","url":"https:\/\/hrac.mx\/?page_id=1499","name":"Cat\u00e1logo de servicios &#187; hrac.mx","isPartOf":{"@id":"https:\/\/hrac.mx\/#website"},"datePublished":"2025-07-06T23:08:59+00:00","dateModified":"2025-07-07T01:53:31+00:00","description":"Explora nuestras propuestas y encuentra la que mejor se alinea con tus objetivos de responsabilidad social empresarial","breadcrumb":{"@id":"https:\/\/hrac.mx\/?page_id=1499#breadcrumb"},"inLanguage":"es","potentialAction":[{"@type":"ReadAction","target":["https:\/\/hrac.mx\/?page_id=1499"]}]},{"@type":"BreadcrumbList","@id":"https:\/\/hrac.mx\/?page_id=1499#breadcrumb","itemListElement":[{"@type":"ListItem","position":1,"name":"Home","item":"https:\/\/hrac.mx\/"},{"@type":"ListItem","position":2,"name":"Cat\u00e1logo de servicios"}]},{"@type":"WebSite","@id":"https:\/\/hrac.mx\/#website","url":"https:\/\/hrac.mx\/","name":"hrac.mx","description":"Conservaci\u00f3n del medio ambiente","publisher":{"@id":"https:\/\/hrac.mx\/#organization"},"potentialAction":[{"@type":"SearchAction","target":{"@type":"EntryPoint","urlTemplate":"https:\/\/hrac.mx\/?s={search_term_string}"},"query-input":{"@type":"PropertyValueSpecification","valueRequired":true,"valueName":"search_term_string"}}],"inLanguage":"es"},{"@type":"Organization","@id":"https:\/\/hrac.mx\/#organization","name":"H\u00e1bitats Resilientes A.C.","url":"https:\/\/hrac.mx\/","logo":{"@type":"ImageObject","inLanguage":"es","@id":"https:\/\/hrac.mx\/#\/schema\/logo\/image\/","url":"https:\/\/hrac.mx\/wp-content\/uploads\/2020\/07\/HR_RGB-01-1.png","contentUrl":"https:\/\/hrac.mx\/wp-content\/uploads\/2020\/07\/HR_RGB-01-1.png","width":1063,"height":827,"caption":"H\u00e1bitats Resilientes A.C."},"image":{"@id":"https:\/\/hrac.mx\/#\/schema\/logo\/image\/"},"sameAs":["https:\/\/www.facebook.com\/H\u00e1bitats-resilientes-AC-108879090900599\/?modal=admin_todo_tour","https:\/\/x.com\/habitatsresili1","https:\/\/www.instagram.com\/habitatsresilientesmx\/"]}]}},"_links":{"self":[{"href":"https:\/\/hrac.mx\/index.php?rest_route=\/wp\/v2\/pages\/1499","targetHints":{"allow":["GET"]}}],"collection":[{"href":"https:\/\/hrac.mx\/index.php?rest_route=\/wp\/v2\/pages"}],"about":[{"href":"https:\/\/hrac.mx\/index.php?rest_route=\/wp\/v2\/types\/page"}],"author":[{"embeddable":true,"href":"https:\/\/hrac.mx\/index.php?rest_route=\/wp\/v2\/users\/1"}],"replies":[{"embeddable":true,"href":"https:\/\/hrac.mx\/index.php?rest_route=%2Fwp%2Fv2%2Fcomments&post=1499"}],"version-history":[{"count":40,"href":"https:\/\/hrac.mx\/index.php?rest_route=\/wp\/v2\/pages\/1499\/revisions"}],"predecessor-version":[{"id":1550,"href":"https:\/\/hrac.mx\/index.php?rest_route=\/wp\/v2\/pages\/1499\/revisions\/1550"}],"wp:attachment":[{"href":"https:\/\/hrac.mx\/index.php?rest_route=%2Fwp%2Fv2%2Fmedia&parent=1499"}],"curies":[{"name":"wp","href":"https:\/\/api.w.org\/{rel}","templated":true}]}}