{"id":3,"date":"2020-06-26T23:19:48","date_gmt":"2020-06-26T23:19:48","guid":{"rendered":"http:\/\/hrac.mx\/?page_id=3"},"modified":"2020-07-16T12:02:57","modified_gmt":"2020-07-16T18:02:57","slug":"privacy-policy","status":"publish","type":"page","link":"https:\/\/hrac.mx\/?page_id=3","title":{"rendered":"Privacy Policy"},"content":{"rendered":"\t\t<div data-elementor-type=\"wp-page\" data-elementor-id=\"3\" class=\"elementor elementor-3\">\n\t\t\t\t\t\t<section class=\"elementor-section elementor-top-section elementor-element elementor-element-6cef0011 elementor-section-boxed elementor-section-height-default elementor-section-height-default\" data-id=\"6cef0011\" data-element_type=\"section\">\n\t\t\t\t\t\t<div class=\"elementor-container elementor-column-gap-default\">\n\t\t\t\t\t<div class=\"elementor-column elementor-col-100 elementor-top-column elementor-element elementor-element-4eddeb23\" data-id=\"4eddeb23\" data-element_type=\"column\">\n\t\t\t<div class=\"elementor-widget-wrap elementor-element-populated\">\n\t\t\t\t\t\t<div class=\"elementor-element elementor-element-6e938e28 elementor-widget elementor-widget-text-editor\" data-id=\"6e938e28\" data-element_type=\"widget\" data-widget_type=\"text-editor.default\">\n\t\t\t\t<div class=\"elementor-widget-container\">\n\t\t\t\t\t\t\t\t\t<p><\/p>\n<h1 class=\"font_8 wp-block-heading\">Aviso de Privacidad<\/h1>\n<p class=\"font_8\">En cumplimiento con lo dispuesto en La Ley Federal de Protecci\u00f3n de Datos Personales en Posesi\u00f3n de los Particulares te informamos nuestra Pol\u00edtica de Privacidad y manejo de datos personales<\/p>\n<h2>Quienes somos<\/h2>\n<p class=\"font_8\">El Responsable de la Protecci\u00f3n de sus Datos Personales es:\u00a0<\/p>\n<p class=\"font_8\"><span class=\"wixGuard\">H\u00e1bitats Resilientes A.C. con domicilio fiscal en Juliano 3227 Fracc. Camino Real, Guadalupe, Nuevo Le\u00f3n. C.P. 67170.\u00a0<\/span><\/p>\n<p>Nuestro sitio web es: http:\/\/hrac.mx.<\/p>\n<p><\/p>\n<h2 class=\"wp-block-heading\">Qu\u00e9 datos personales recogemos y por qu\u00e9 los recogemos<\/h2>\n<h3>Comentarios<\/h3>\n<p><\/p>\n<p>Cuando los visitantes dejan comentarios en la web, recopilamos los datos que se muestran en el formulario de comentarios, as\u00ed como la direcci\u00f3n IP del visitante y la cadena de agentes de usuario del navegador para ayudar a la detecci\u00f3n de spam.<\/p>\n<p>Una cadena an\u00f3nima creada a partir de tu direcci\u00f3n de correo electr\u00f3nico (tambi\u00e9n llamada hash) puede ser proporcionada al servicio de Gravatar para ver si la est\u00e1s usando. La pol\u00edtica de privacidad del servicio Gravatar est\u00e1 disponible aqu\u00ed: https:\/\/automattic.com\/privacy\/. Despu\u00e9s de la aprobaci\u00f3n de tu comentario, la imagen de tu perfil es visible para el p\u00fablico en el contexto de su comentario.<\/p>\n<p><\/p>\n<h3 class=\"wp-block-heading\">Media<\/h3>\n<p><\/p>\n<p>Si subes im\u00e1genes a la web deber\u00edas evitar subir im\u00e1genes con datos de ubicaci\u00f3n (GPS EXIF) incluidos. Los visitantes de la web pueden descargar y extraer cualquier dato de localizaci\u00f3n de las im\u00e1genes de la web.<\/p>\n<p><\/p>\n<h3 class=\"wp-block-heading\">Cookies<\/h3>\n<p><\/p>\n<p>Si dejas un comentario en nuestro sitio puedes elegir guardar tu nombre, direcci\u00f3n de correo electr\u00f3nico y web en cookies. Esto es para tu comodidad, para que no tengas que volver a rellenar tus datos cuando dejes otro comentario. Estas cookies tendr\u00e1n una duraci\u00f3n de un a\u00f1o.<\/p>\n<p>Si tienes una cuenta y te conectas a este sitio, instalaremos una cookie temporal para determinar si tu navegador acepta cookies. Esta cookie no contiene datos personales y se elimina al cerrar el navegador.<\/p>\n<p>Cuando inicias sesi\u00f3n, tambi\u00e9n instalaremos varias cookies para guardar tu informaci\u00f3n de inicio de sesi\u00f3n y tus opciones de visualizaci\u00f3n de pantalla. Las cookies de inicio de sesi\u00f3n duran dos d\u00edas, y las cookies de opciones de pantalla duran un a\u00f1o. Si seleccionas &#8220;Recordarme&#8221;, tu inicio de sesi\u00f3n perdurar\u00e1 durante dos semanas. Si sales de tu cuenta, las cookies de inicio de sesi\u00f3n se eliminar\u00e1n.<\/p>\n<p>Si editas o publicas un art\u00edculo se guardar\u00e1 una cookie adicional en tu navegador. Esta cookie no incluye datos personales y simplemente indica el ID del art\u00edculo que acabas de editar. Caduca despu\u00e9s de 1 d\u00eda.<\/p>\n<h3>Contenido incrustado de otros sitios web<\/h3>\n<p><\/p>\n<p>Los art\u00edculos de este sitio pueden incluir contenido incrustado (por ejemplo, v\u00eddeos, im\u00e1genes, art\u00edculos, etc.). El contenido incrustado de otras web se comporta exactamente de la misma manera que si el visitante hubiera visitado la otra web.<\/p>\n<p>Estas web pueden recopilar datos sobre ti, utilizar cookies, incrustar un seguimiento adicional de terceros, y supervisar tu interacci\u00f3n con ese contenido incrustado, incluido el seguimiento de tu interacci\u00f3n con el contenido incrustado si tienes una cuenta y est\u00e1s conectado a esa web.<\/p>\n<p><\/p>\n<h3 class=\"wp-block-heading\">Analytics<\/h3>\n<p><\/p>\n<h2 class=\"wp-block-heading\">cu\u00e1nto tiempo retenemos tus datos<\/h2>\n<p><\/p>\n<p>Si dejas un comentario, el comentario y sus metadatos se conservan indefinidamente. Esto es para que podamos reconocer y aprobar comentarios sucesivos autom\u00e1ticamente en lugar de mantenerlos en una cola de moderaci\u00f3n.<\/p>\n<p>De los usuarios que se registran en nuestra web (si los hay), tambi\u00e9n almacenamos la informaci\u00f3n personal que proporcionan en su perfil de usuario. Todos los usuarios pueden ver, editar o eliminar su informaci\u00f3n personal en cualquier momento (excepto que no pueden cambiar su nombre de usuario). Los administradores de la web tambi\u00e9n pueden ver y editar esa informaci\u00f3n.<\/p>\n<p><\/p>\n<h2 class=\"wp-block-heading\">Qu\u00e9 derechos tienes sobre tus datos<\/h2>\n<p><\/p>\n<p>Si tienes una cuenta o has dejado comentarios en esta web, puedes solicitar recibir un archivo de exportaci\u00f3n de los datos personales que tenemos sobre ti, incluyendo cualquier dato que nos hayas proporcionado. Tambi\u00e9n puedes solicitar que eliminemos cualquier dato personal que tengamos sobre ti. Esto no incluye ning\u00fan dato que estemos obligados a conservar con fines administrativos, legales o de seguridad.<\/p>\n<p><\/p>\n<h2 class=\"wp-block-heading\">A d\u00f3nde enviamos tus datos<\/h2>\n<p><\/p>\n<p>Los comentarios de los visitantes puede que los revise un servicio de detecci\u00f3n autom\u00e1tica de spam.<\/p>\n<p><\/p>\n<h2 class=\"wp-block-heading\">Ejercicio de los derechos ARCO<\/h2>\n<p>El Titular tiene derecho de acceder a los datos personales que poseemos, a saber el detalle del tratamiento de los mismos, a rectificarlos o cancelarlos en el caso de ser inexactos, inadecuados, no pertinentes, excesivos o est\u00e9n incompletos, o cuando a su consideraci\u00f3n no son necesarios para alguna de las finalidades contenidas en el presente Aviso de Privacidad, o al percatarse de que son utilizados para fines distintos a los previamente consentidos.<\/p>\n<h2><br \/>Mecanismo para el ejercicio de los derechos ARCO (acceso, rectificaci\u00f3n, cancelaci\u00f3n y posici\u00f3n)<\/h2>\n<p>Los Derechos ARCO antes descritos se ejercer\u00e1n a trav\u00e9s de la presentaci\u00f3n de un escrito libre, firmado por el interesado, por si o por medio de apoderado, en idioma espa\u00f1ol, que se deber\u00e1 ingresar de manera gratuita en el domicilio autorizado para la recepci\u00f3n del mismo: Asp\u00e9rgulas n\u00famero 22 (antes Pino), Col. San Clemente, Delegaci\u00f3n \u00c1lvaro Obreg\u00f3n, C\u00f3digo Postal 01740, M\u00e9xico, Distrito Federal, o al correo electr\u00f3nico DATOS PERSONALES La solicitud de acceso, rectificaci\u00f3n, cancelaci\u00f3n u oposici\u00f3n de publicaci\u00f3n de datos deber\u00e1 ser promovida de manera escrita; conteniendo al menos los siguientes datos: &#8211; El nombre del interesado y, en su caso, de su representante legal, as\u00ed como el documento que acredite tal representaci\u00f3n o condici\u00f3n legal. &#8211; La expresi\u00f3n y acreditaci\u00f3n de su inter\u00e9s &#8211; El nombre del tercero interesado si lo hubiere. &#8211; El se\u00f1alamiento, con la mayor precisi\u00f3n posible, del nombre y ubicaci\u00f3n del archivo o registro de datos, as\u00ed como de la persona que recabo su informaci\u00f3n. &#8211; La precisi\u00f3n de los datos personales que son materia de la solicitud de acceso, rectificaci\u00f3n, cancelaci\u00f3n u oposici\u00f3n a su publicaci\u00f3n. &#8211; Las razones por las cuales se considera que en el registro o archivos de datos se\u00f1alado, obra informaci\u00f3n referida a su persona, y que la misma le resulta discriminatoria, de riesgo para su integridad f\u00edsica, falsa o inexacta. &#8211; Firma del promovente, su representante, o de quien lo haga a su ruego si se encontrare imposibilitado para ello, en los casos que sea conducente.<br \/><br \/>La promoci\u00f3n de la solicitud podr\u00e1 ser ejercida en cualquier momento.<\/p>\n<h2>Datos de contacto<\/h2>\n<p>Para cualquier duda o aclaraci\u00f3n del presente, se podr\u00e1 redactar un escrito libre en idioma espa\u00f1ol, dirigido a la Administraci\u00f3n de H\u00e1bitats Resilientes A.C. y remitirlo a trav\u00e9s de los siguientes medios:<br \/><br \/>V\u00eda correo electr\u00f3nico a la siguiente direcci\u00f3n: contacto@hrac.mx o correo postal a la direcci\u00f3n Juliano 3227 Fracc. Camino Real, Guadalupe, Nuevo Le\u00f3n. CP 67710<\/p>\n<p><\/p>\t\t\t\t\t\t\t\t<\/div>\n\t\t\t\t<\/div>\n\t\t\t\t\t<\/div>\n\t\t<\/div>\n\t\t\t\t\t<\/div>\n\t\t<\/section>\n\t\t\t\t<\/div>\n\t\t","protected":false},"excerpt":{"rendered":"<p>Aviso de Privacidad En cumplimiento con lo dispuesto en La Ley Federal de Protecci\u00f3n de Datos Personales en Posesi\u00f3n de los Particulares te informamos nuestra Pol\u00edtica de Privacidad y manejo de datos personales Quienes somos El Responsable de la Protecci\u00f3n de sus Datos Personales es:\u00a0 H\u00e1bitats Resilientes A.C. con domicilio fiscal en Juliano 3227 Fracc. [&hellip;]<\/p>\n","protected":false},"author":1,"featured_media":0,"parent":0,"menu_order":0,"comment_status":"closed","ping_status":"open","template":"","meta":{"om_disable_all_campaigns":false,"site-sidebar-layout":"default","site-content-layout":"default","ast-site-content-layout":"","site-content-style":"default","site-sidebar-style":"default","ast-global-header-display":"","ast-banner-title-visibility":"","ast-main-header-display":"","ast-hfb-above-header-display":"","ast-hfb-below-header-display":"","ast-hfb-mobile-header-display":"","site-post-title":"","ast-breadcrumbs-content":"","ast-featured-img":"","footer-sml-layout":"","theme-transparent-header-meta":"default","adv-header-id-meta":"","stick-header-meta":"","header-above-stick-meta":"","header-main-stick-meta":"","header-below-stick-meta":"","astra-migrate-meta-layouts":"default","ast-page-background-enabled":"default","ast-page-background-meta":{"desktop":{"background-color":"var(--ast-global-color-4)","background-image":"","background-repeat":"repeat","background-position":"center center","background-size":"auto","background-attachment":"scroll","background-type":"","background-media":"","overlay-type":"","overlay-color":"","overlay-gradient":""},"tablet":{"background-color":"","background-image":"","background-repeat":"repeat","background-position":"center center","background-size":"auto","background-attachment":"scroll","background-type":"","background-media":"","overlay-type":"","overlay-color":"","overlay-gradient":""},"mobile":{"background-color":"","background-image":"","background-repeat":"repeat","background-position":"center center","background-size":"auto","background-attachment":"scroll","background-type":"","background-media":"","overlay-type":"","overlay-color":"","overlay-gradient":""}},"ast-content-background-meta":{"desktop":{"background-color":"var(--ast-global-color-5)","background-image":"","background-repeat":"repeat","background-position":"center center","background-size":"auto","background-attachment":"scroll","background-type":"","background-media":"","overlay-type":"","overlay-color":"","overlay-gradient":""},"tablet":{"background-color":"var(--ast-global-color-5)","background-image":"","background-repeat":"repeat","background-position":"center center","background-size":"auto","background-attachment":"scroll","background-type":"","background-media":"","overlay-type":"","overlay-color":"","overlay-gradient":""},"mobile":{"background-color":"var(--ast-global-color-5)","background-image":"","background-repeat":"repeat","background-position":"center center","background-size":"auto","background-attachment":"scroll","background-type":"","background-media":"","overlay-type":"","overlay-color":"","overlay-gradient":""}},"footnotes":""},"class_list":["post-3","page","type-page","status-publish","hentry"],"yoast_head":"<!-- This site is optimized with the Yoast SEO plugin v25.3.1 - https:\/\/yoast.com\/wordpress\/plugins\/seo\/ -->\n<title>Privacy Policy &#187; hrac.mx<\/title>\n<meta name=\"robots\" content=\"index, follow, max-snippet:-1, max-image-preview:large, max-video-preview:-1\" \/>\n<link rel=\"canonical\" href=\"https:\/\/hrac.mx\/?page_id=3\" \/>\n<meta property=\"og:locale\" content=\"es_MX\" \/>\n<meta property=\"og:type\" content=\"article\" \/>\n<meta property=\"og:title\" content=\"Privacy Policy &#187; hrac.mx\" \/>\n<meta property=\"og:description\" content=\"Aviso de Privacidad En cumplimiento con lo dispuesto en La Ley Federal de Protecci\u00f3n de Datos Personales en Posesi\u00f3n de los Particulares te informamos nuestra Pol\u00edtica de Privacidad y manejo de datos personales Quienes somos El Responsable de la Protecci\u00f3n de sus Datos Personales es:\u00a0 H\u00e1bitats Resilientes A.C. con domicilio fiscal en Juliano 3227 Fracc. [&hellip;]\" \/>\n<meta property=\"og:url\" content=\"https:\/\/hrac.mx\/?page_id=3\" \/>\n<meta property=\"og:site_name\" content=\"hrac.mx\" \/>\n<meta property=\"article:publisher\" content=\"https:\/\/www.facebook.com\/H%c3%a1bitats-resilientes-AC-108879090900599\/?modal=admin_todo_tour\" \/>\n<meta property=\"article:modified_time\" content=\"2020-07-16T18:02:57+00:00\" \/>\n<meta name=\"twitter:card\" content=\"summary_large_image\" \/>\n<meta name=\"twitter:site\" content=\"@habitatsresili1\" \/>\n<meta name=\"twitter:label1\" content=\"Tiempo de lectura\" \/>\n\t<meta name=\"twitter:data1\" content=\"6 minutos\" \/>\n<script type=\"application\/ld+json\" class=\"yoast-schema-graph\">{\"@context\":\"https:\/\/schema.org\",\"@graph\":[{\"@type\":\"WebPage\",\"@id\":\"https:\/\/hrac.mx\/?page_id=3\",\"url\":\"https:\/\/hrac.mx\/?page_id=3\",\"name\":\"Privacy Policy &#187; hrac.mx\",\"isPartOf\":{\"@id\":\"https:\/\/hrac.mx\/#website\"},\"datePublished\":\"2020-06-26T23:19:48+00:00\",\"dateModified\":\"2020-07-16T18:02:57+00:00\",\"breadcrumb\":{\"@id\":\"https:\/\/hrac.mx\/?page_id=3#breadcrumb\"},\"inLanguage\":\"es\",\"potentialAction\":[{\"@type\":\"ReadAction\",\"target\":[\"https:\/\/hrac.mx\/?page_id=3\"]}]},{\"@type\":\"BreadcrumbList\",\"@id\":\"https:\/\/hrac.mx\/?page_id=3#breadcrumb\",\"itemListElement\":[{\"@type\":\"ListItem\",\"position\":1,\"name\":\"Home\",\"item\":\"https:\/\/hrac.mx\/\"},{\"@type\":\"ListItem\",\"position\":2,\"name\":\"Privacy Policy\"}]},{\"@type\":\"WebSite\",\"@id\":\"https:\/\/hrac.mx\/#website\",\"url\":\"https:\/\/hrac.mx\/\",\"name\":\"hrac.mx\",\"description\":\"Conservaci\u00f3n del medio ambiente\",\"publisher\":{\"@id\":\"https:\/\/hrac.mx\/#organization\"},\"potentialAction\":[{\"@type\":\"SearchAction\",\"target\":{\"@type\":\"EntryPoint\",\"urlTemplate\":\"https:\/\/hrac.mx\/?s={search_term_string}\"},\"query-input\":{\"@type\":\"PropertyValueSpecification\",\"valueRequired\":true,\"valueName\":\"search_term_string\"}}],\"inLanguage\":\"es\"},{\"@type\":\"Organization\",\"@id\":\"https:\/\/hrac.mx\/#organization\",\"name\":\"H\u00e1bitats Resilientes A.C.\",\"url\":\"https:\/\/hrac.mx\/\",\"logo\":{\"@type\":\"ImageObject\",\"inLanguage\":\"es\",\"@id\":\"https:\/\/hrac.mx\/#\/schema\/logo\/image\/\",\"url\":\"https:\/\/hrac.mx\/wp-content\/uploads\/2020\/07\/HR_RGB-01-1.png\",\"contentUrl\":\"https:\/\/hrac.mx\/wp-content\/uploads\/2020\/07\/HR_RGB-01-1.png\",\"width\":1063,\"height\":827,\"caption\":\"H\u00e1bitats Resilientes A.C.\"},\"image\":{\"@id\":\"https:\/\/hrac.mx\/#\/schema\/logo\/image\/\"},\"sameAs\":[\"https:\/\/www.facebook.com\/H\u00e1bitats-resilientes-AC-108879090900599\/?modal=admin_todo_tour\",\"https:\/\/x.com\/habitatsresili1\",\"https:\/\/www.instagram.com\/habitatsresilientesmx\/\"]}]}<\/script>\n<!-- \/ Yoast SEO plugin. -->","yoast_head_json":{"title":"Privacy Policy &#187; hrac.mx","robots":{"index":"index","follow":"follow","max-snippet":"max-snippet:-1","max-image-preview":"max-image-preview:large","max-video-preview":"max-video-preview:-1"},"canonical":"https:\/\/hrac.mx\/?page_id=3","og_locale":"es_MX","og_type":"article","og_title":"Privacy Policy &#187; hrac.mx","og_description":"Aviso de Privacidad En cumplimiento con lo dispuesto en La Ley Federal de Protecci\u00f3n de Datos Personales en Posesi\u00f3n de los Particulares te informamos nuestra Pol\u00edtica de Privacidad y manejo de datos personales Quienes somos El Responsable de la Protecci\u00f3n de sus Datos Personales es:\u00a0 H\u00e1bitats Resilientes A.C. con domicilio fiscal en Juliano 3227 Fracc. [&hellip;]","og_url":"https:\/\/hrac.mx\/?page_id=3","og_site_name":"hrac.mx","article_publisher":"https:\/\/www.facebook.com\/H%c3%a1bitats-resilientes-AC-108879090900599\/?modal=admin_todo_tour","article_modified_time":"2020-07-16T18:02:57+00:00","twitter_card":"summary_large_image","twitter_site":"@habitatsresili1","twitter_misc":{"Tiempo de lectura":"6 minutos"},"schema":{"@context":"https:\/\/schema.org","@graph":[{"@type":"WebPage","@id":"https:\/\/hrac.mx\/?page_id=3","url":"https:\/\/hrac.mx\/?page_id=3","name":"Privacy Policy &#187; hrac.mx","isPartOf":{"@id":"https:\/\/hrac.mx\/#website"},"datePublished":"2020-06-26T23:19:48+00:00","dateModified":"2020-07-16T18:02:57+00:00","breadcrumb":{"@id":"https:\/\/hrac.mx\/?page_id=3#breadcrumb"},"inLanguage":"es","potentialAction":[{"@type":"ReadAction","target":["https:\/\/hrac.mx\/?page_id=3"]}]},{"@type":"BreadcrumbList","@id":"https:\/\/hrac.mx\/?page_id=3#breadcrumb","itemListElement":[{"@type":"ListItem","position":1,"name":"Home","item":"https:\/\/hrac.mx\/"},{"@type":"ListItem","position":2,"name":"Privacy Policy"}]},{"@type":"WebSite","@id":"https:\/\/hrac.mx\/#website","url":"https:\/\/hrac.mx\/","name":"hrac.mx","description":"Conservaci\u00f3n del medio ambiente","publisher":{"@id":"https:\/\/hrac.mx\/#organization"},"potentialAction":[{"@type":"SearchAction","target":{"@type":"EntryPoint","urlTemplate":"https:\/\/hrac.mx\/?s={search_term_string}"},"query-input":{"@type":"PropertyValueSpecification","valueRequired":true,"valueName":"search_term_string"}}],"inLanguage":"es"},{"@type":"Organization","@id":"https:\/\/hrac.mx\/#organization","name":"H\u00e1bitats Resilientes A.C.","url":"https:\/\/hrac.mx\/","logo":{"@type":"ImageObject","inLanguage":"es","@id":"https:\/\/hrac.mx\/#\/schema\/logo\/image\/","url":"https:\/\/hrac.mx\/wp-content\/uploads\/2020\/07\/HR_RGB-01-1.png","contentUrl":"https:\/\/hrac.mx\/wp-content\/uploads\/2020\/07\/HR_RGB-01-1.png","width":1063,"height":827,"caption":"H\u00e1bitats Resilientes A.C."},"image":{"@id":"https:\/\/hrac.mx\/#\/schema\/logo\/image\/"},"sameAs":["https:\/\/www.facebook.com\/H\u00e1bitats-resilientes-AC-108879090900599\/?modal=admin_todo_tour","https:\/\/x.com\/habitatsresili1","https:\/\/www.instagram.com\/habitatsresilientesmx\/"]}]}},"_links":{"self":[{"href":"https:\/\/hrac.mx\/index.php?rest_route=\/wp\/v2\/pages\/3","targetHints":{"allow":["GET"]}}],"collection":[{"href":"https:\/\/hrac.mx\/index.php?rest_route=\/wp\/v2\/pages"}],"about":[{"href":"https:\/\/hrac.mx\/index.php?rest_route=\/wp\/v2\/types\/page"}],"author":[{"embeddable":true,"href":"https:\/\/hrac.mx\/index.php?rest_route=\/wp\/v2\/users\/1"}],"replies":[{"embeddable":true,"href":"https:\/\/hrac.mx\/index.php?rest_route=%2Fwp%2Fv2%2Fcomments&post=3"}],"version-history":[{"count":3,"href":"https:\/\/hrac.mx\/index.php?rest_route=\/wp\/v2\/pages\/3\/revisions"}],"predecessor-version":[{"id":618,"href":"https:\/\/hrac.mx\/index.php?rest_route=\/wp\/v2\/pages\/3\/revisions\/618"}],"wp:attachment":[{"href":"https:\/\/hrac.mx\/index.php?rest_route=%2Fwp%2Fv2%2Fmedia&parent=3"}],"curies":[{"name":"wp","href":"https:\/\/api.w.org\/{rel}","templated":true}]}}