{"id":547,"date":"2020-07-12T14:22:08","date_gmt":"2020-07-12T14:22:08","guid":{"rendered":"http:\/\/hrac.mx\/?page_id=547"},"modified":"2024-12-27T18:04:22","modified_gmt":"2024-12-28T00:04:22","slug":"inscribete-como-voluntario","status":"publish","type":"page","link":"https:\/\/hrac.mx\/?page_id=547","title":{"rendered":"Inscr\u00edbete como voluntario"},"content":{"rendered":"\t\t<div data-elementor-type=\"wp-page\" data-elementor-id=\"547\" class=\"elementor elementor-547\">\n\t\t\t\t\t\t<section class=\"elementor-section elementor-top-section elementor-element elementor-element-b607735 elementor-section-boxed elementor-section-height-default elementor-section-height-default\" data-id=\"b607735\" data-element_type=\"section\">\n\t\t\t\t\t\t<div class=\"elementor-container elementor-column-gap-default\">\n\t\t\t\t\t<div class=\"elementor-column elementor-col-100 elementor-top-column elementor-element elementor-element-03594be\" data-id=\"03594be\" data-element_type=\"column\">\n\t\t\t<div class=\"elementor-widget-wrap elementor-element-populated\">\n\t\t\t\t\t\t<div class=\"elementor-element elementor-element-b93b5a1 elementor-widget elementor-widget-heading\" data-id=\"b93b5a1\" data-element_type=\"widget\" data-widget_type=\"heading.default\">\n\t\t\t\t<div class=\"elementor-widget-container\">\n\t\t\t\t\t<h2 class=\"elementor-heading-title elementor-size-default\">Inscr\u00edbete como voluntario<\/h2>\t\t\t\t<\/div>\n\t\t\t\t<\/div>\n\t\t\t\t\t<\/div>\n\t\t<\/div>\n\t\t\t\t\t<\/div>\n\t\t<\/section>\n\t\t\t\t<section class=\"elementor-section elementor-top-section elementor-element elementor-element-954c353 elementor-section-boxed elementor-section-height-default elementor-section-height-default\" data-id=\"954c353\" data-element_type=\"section\">\n\t\t\t\t\t\t<div class=\"elementor-container elementor-column-gap-default\">\n\t\t\t\t\t<div class=\"elementor-column elementor-col-100 elementor-top-column elementor-element elementor-element-58e1760\" data-id=\"58e1760\" data-element_type=\"column\">\n\t\t\t<div class=\"elementor-widget-wrap elementor-element-populated\">\n\t\t\t\t\t\t<div class=\"elementor-element elementor-element-a308804 elementor-widget elementor-widget-image\" data-id=\"a308804\" data-element_type=\"widget\" data-widget_type=\"image.default\">\n\t\t\t\t<div class=\"elementor-widget-container\">\n\t\t\t\t\t\t\t\t\t\t\t\t\t\t\t<img fetchpriority=\"high\" decoding=\"async\" width=\"1024\" height=\"768\" src=\"https:\/\/hrac.mx\/wp-content\/uploads\/2020\/07\/IMG_0499-copia-1024x768.jpeg\" class=\"attachment-large size-large wp-image-594\" alt=\"Ejido La Flor, Reserva de la Biosfera Mapim\u00ed\" srcset=\"https:\/\/hrac.mx\/wp-content\/uploads\/2020\/07\/IMG_0499-copia-1024x768.jpeg 1024w, https:\/\/hrac.mx\/wp-content\/uploads\/2020\/07\/IMG_0499-copia-300x225.jpeg 300w, https:\/\/hrac.mx\/wp-content\/uploads\/2020\/07\/IMG_0499-copia-768x576.jpeg 768w, https:\/\/hrac.mx\/wp-content\/uploads\/2020\/07\/IMG_0499-copia-1536x1152.jpeg 1536w, https:\/\/hrac.mx\/wp-content\/uploads\/2020\/07\/IMG_0499-copia-2048x1536.jpeg 2048w\" sizes=\"(max-width: 1024px) 100vw, 1024px\" \/>\t\t\t\t\t\t\t\t\t\t\t\t\t\t\t<\/div>\n\t\t\t\t<\/div>\n\t\t\t\t<div class=\"elementor-element elementor-element-6db007e elementor-widget elementor-widget-text-editor\" data-id=\"6db007e\" data-element_type=\"widget\" data-widget_type=\"text-editor.default\">\n\t\t\t\t<div class=\"elementor-widget-container\">\n\t\t\t\t\t\t\t\t\t<p style=\"text-align: center;\">Tu labor social es indispensable para continuar con nuestro trabajo; si quieres unirte a nuestro grupo de voluntarios <strong>env\u00edanos un correo a <a href=\"mailto:administracion@hrac.mx\">administracion@hrac.mx<\/a><\/strong> y expl\u00edcanos en qu\u00e9 te gustar\u00eda participar: monitoreos biol\u00f3gicos, fotograf\u00edas, jornadas de reforestaci\u00f3n, organizaci\u00f3n de talleres, si eres bueno para dibujar, pintar, hablar en p\u00fablico o si conoces una comunidad que necesite nuestro apoyo, <strong>\u00a1esperamos leerte pronto!<\/strong><\/p>\t\t\t\t\t\t\t\t<\/div>\n\t\t\t\t<\/div>\n\t\t\t\t\t<\/div>\n\t\t<\/div>\n\t\t\t\t\t<\/div>\n\t\t<\/section>\n\t\t\t\t<section class=\"elementor-section elementor-top-section elementor-element elementor-element-3f9d2d1 elementor-section-boxed elementor-section-height-default elementor-section-height-default\" data-id=\"3f9d2d1\" data-element_type=\"section\">\n\t\t\t\t\t\t<div class=\"elementor-container elementor-column-gap-default\">\n\t\t\t\t\t<div class=\"elementor-column elementor-col-100 elementor-top-column elementor-element elementor-element-83d0fab\" data-id=\"83d0fab\" data-element_type=\"column\">\n\t\t\t<div class=\"elementor-widget-wrap\">\n\t\t\t\t\t\t\t<\/div>\n\t\t<\/div>\n\t\t\t\t\t<\/div>\n\t\t<\/section>\n\t\t\t\t<\/div>\n\t\t","protected":false},"excerpt":{"rendered":"<p>Inscr\u00edbete como voluntario Tu labor social es indispensable para continuar con nuestro trabajo; si quieres unirte a nuestro grupo de voluntarios env\u00edanos un correo a administracion@hrac.mx y expl\u00edcanos en qu\u00e9 te gustar\u00eda participar: monitoreos biol\u00f3gicos, fotograf\u00edas, jornadas de reforestaci\u00f3n, organizaci\u00f3n de talleres, si eres bueno para dibujar, pintar, hablar en p\u00fablico o si conoces una [&hellip;]<\/p>\n","protected":false},"author":1,"featured_media":0,"parent":0,"menu_order":0,"comment_status":"closed","ping_status":"closed","template":"","meta":{"om_disable_all_campaigns":false,"site-sidebar-layout":"no-sidebar","site-content-layout":"page-builder","ast-site-content-layout":"","site-content-style":"default","site-sidebar-style":"default","ast-global-header-display":"","ast-banner-title-visibility":"","ast-main-header-display":"","ast-hfb-above-header-display":"","ast-hfb-below-header-display":"","ast-hfb-mobile-header-display":"","site-post-title":"disabled","ast-breadcrumbs-content":"","ast-featured-img":"disabled","footer-sml-layout":"","theme-transparent-header-meta":"default","adv-header-id-meta":"","stick-header-meta":"","header-above-stick-meta":"","header-main-stick-meta":"","header-below-stick-meta":"","astra-migrate-meta-layouts":"default","ast-page-background-enabled":"default","ast-page-background-meta":{"desktop":{"background-color":"var(--ast-global-color-4)","background-image":"","background-repeat":"repeat","background-position":"center center","background-size":"auto","background-attachment":"scroll","background-type":"","background-media":"","overlay-type":"","overlay-color":"","overlay-gradient":""},"tablet":{"background-color":"","background-image":"","background-repeat":"repeat","background-position":"center center","background-size":"auto","background-attachment":"scroll","background-type":"","background-media":"","overlay-type":"","overlay-color":"","overlay-gradient":""},"mobile":{"background-color":"","background-image":"","background-repeat":"repeat","background-position":"center center","background-size":"auto","background-attachment":"scroll","background-type":"","background-media":"","overlay-type":"","overlay-color":"","overlay-gradient":""}},"ast-content-background-meta":{"desktop":{"background-color":"var(--ast-global-color-5)","background-image":"","background-repeat":"repeat","background-position":"center center","background-size":"auto","background-attachment":"scroll","background-type":"","background-media":"","overlay-type":"","overlay-color":"","overlay-gradient":""},"tablet":{"background-color":"var(--ast-global-color-5)","background-image":"","background-repeat":"repeat","background-position":"center center","background-size":"auto","background-attachment":"scroll","background-type":"","background-media":"","overlay-type":"","overlay-color":"","overlay-gradient":""},"mobile":{"background-color":"var(--ast-global-color-5)","background-image":"","background-repeat":"repeat","background-position":"center center","background-size":"auto","background-attachment":"scroll","background-type":"","background-media":"","overlay-type":"","overlay-color":"","overlay-gradient":""}},"footnotes":""},"class_list":["post-547","page","type-page","status-publish","hentry"],"yoast_head":"<!-- This site is optimized with the Yoast SEO plugin v25.3.1 - https:\/\/yoast.com\/wordpress\/plugins\/seo\/ -->\n<title>Inscr\u00edbete como voluntario &#187; hrac.mx<\/title>\n<meta name=\"robots\" content=\"index, follow, max-snippet:-1, max-image-preview:large, max-video-preview:-1\" \/>\n<link rel=\"canonical\" href=\"https:\/\/hrac.mx\/?page_id=547\" \/>\n<meta property=\"og:locale\" content=\"es_MX\" \/>\n<meta property=\"og:type\" content=\"article\" \/>\n<meta property=\"og:title\" content=\"Inscr\u00edbete como voluntario &#187; hrac.mx\" \/>\n<meta property=\"og:description\" content=\"Inscr\u00edbete como voluntario Tu labor social es indispensable para continuar con nuestro trabajo; si quieres unirte a nuestro grupo de voluntarios env\u00edanos un correo a administracion@hrac.mx y expl\u00edcanos en qu\u00e9 te gustar\u00eda participar: monitoreos biol\u00f3gicos, fotograf\u00edas, jornadas de reforestaci\u00f3n, organizaci\u00f3n de talleres, si eres bueno para dibujar, pintar, hablar en p\u00fablico o si conoces una [&hellip;]\" \/>\n<meta property=\"og:url\" content=\"https:\/\/hrac.mx\/?page_id=547\" \/>\n<meta property=\"og:site_name\" content=\"hrac.mx\" \/>\n<meta property=\"article:publisher\" content=\"https:\/\/www.facebook.com\/H%c3%a1bitats-resilientes-AC-108879090900599\/?modal=admin_todo_tour\" \/>\n<meta property=\"article:modified_time\" content=\"2024-12-28T00:04:22+00:00\" \/>\n<meta property=\"og:image\" content=\"http:\/\/hrac.mx\/wp-content\/uploads\/2020\/07\/IMG_0499-copia-1024x768.jpeg\" \/>\n<meta name=\"twitter:card\" content=\"summary_large_image\" \/>\n<meta name=\"twitter:site\" content=\"@habitatsresili1\" \/>\n<meta name=\"twitter:label1\" content=\"Tiempo de lectura\" \/>\n\t<meta name=\"twitter:data1\" content=\"1 minuto\" \/>\n<script type=\"application\/ld+json\" class=\"yoast-schema-graph\">{\"@context\":\"https:\/\/schema.org\",\"@graph\":[{\"@type\":\"WebPage\",\"@id\":\"https:\/\/hrac.mx\/?page_id=547\",\"url\":\"https:\/\/hrac.mx\/?page_id=547\",\"name\":\"Inscr\u00edbete como voluntario &#187; hrac.mx\",\"isPartOf\":{\"@id\":\"https:\/\/hrac.mx\/#website\"},\"primaryImageOfPage\":{\"@id\":\"https:\/\/hrac.mx\/?page_id=547#primaryimage\"},\"image\":{\"@id\":\"https:\/\/hrac.mx\/?page_id=547#primaryimage\"},\"thumbnailUrl\":\"http:\/\/hrac.mx\/wp-content\/uploads\/2020\/07\/IMG_0499-copia-1024x768.jpeg\",\"datePublished\":\"2020-07-12T14:22:08+00:00\",\"dateModified\":\"2024-12-28T00:04:22+00:00\",\"breadcrumb\":{\"@id\":\"https:\/\/hrac.mx\/?page_id=547#breadcrumb\"},\"inLanguage\":\"es\",\"potentialAction\":[{\"@type\":\"ReadAction\",\"target\":[\"https:\/\/hrac.mx\/?page_id=547\"]}]},{\"@type\":\"ImageObject\",\"inLanguage\":\"es\",\"@id\":\"https:\/\/hrac.mx\/?page_id=547#primaryimage\",\"url\":\"https:\/\/hrac.mx\/wp-content\/uploads\/2020\/07\/IMG_0499-copia-scaled.jpeg\",\"contentUrl\":\"https:\/\/hrac.mx\/wp-content\/uploads\/2020\/07\/IMG_0499-copia-scaled.jpeg\",\"width\":2560,\"height\":1920,\"caption\":\"Ejido La Flor, Reserva de la Biosfera Mapim\u00ed\"},{\"@type\":\"BreadcrumbList\",\"@id\":\"https:\/\/hrac.mx\/?page_id=547#breadcrumb\",\"itemListElement\":[{\"@type\":\"ListItem\",\"position\":1,\"name\":\"Home\",\"item\":\"https:\/\/hrac.mx\/\"},{\"@type\":\"ListItem\",\"position\":2,\"name\":\"Inscr\u00edbete como voluntario\"}]},{\"@type\":\"WebSite\",\"@id\":\"https:\/\/hrac.mx\/#website\",\"url\":\"https:\/\/hrac.mx\/\",\"name\":\"hrac.mx\",\"description\":\"Conservaci\u00f3n del medio ambiente\",\"publisher\":{\"@id\":\"https:\/\/hrac.mx\/#organization\"},\"potentialAction\":[{\"@type\":\"SearchAction\",\"target\":{\"@type\":\"EntryPoint\",\"urlTemplate\":\"https:\/\/hrac.mx\/?s={search_term_string}\"},\"query-input\":{\"@type\":\"PropertyValueSpecification\",\"valueRequired\":true,\"valueName\":\"search_term_string\"}}],\"inLanguage\":\"es\"},{\"@type\":\"Organization\",\"@id\":\"https:\/\/hrac.mx\/#organization\",\"name\":\"H\u00e1bitats Resilientes A.C.\",\"url\":\"https:\/\/hrac.mx\/\",\"logo\":{\"@type\":\"ImageObject\",\"inLanguage\":\"es\",\"@id\":\"https:\/\/hrac.mx\/#\/schema\/logo\/image\/\",\"url\":\"https:\/\/hrac.mx\/wp-content\/uploads\/2020\/07\/HR_RGB-01-1.png\",\"contentUrl\":\"https:\/\/hrac.mx\/wp-content\/uploads\/2020\/07\/HR_RGB-01-1.png\",\"width\":1063,\"height\":827,\"caption\":\"H\u00e1bitats Resilientes A.C.\"},\"image\":{\"@id\":\"https:\/\/hrac.mx\/#\/schema\/logo\/image\/\"},\"sameAs\":[\"https:\/\/www.facebook.com\/H\u00e1bitats-resilientes-AC-108879090900599\/?modal=admin_todo_tour\",\"https:\/\/x.com\/habitatsresili1\",\"https:\/\/www.instagram.com\/habitatsresilientesmx\/\"]}]}<\/script>\n<!-- \/ Yoast SEO plugin. -->","yoast_head_json":{"title":"Inscr\u00edbete como voluntario &#187; hrac.mx","robots":{"index":"index","follow":"follow","max-snippet":"max-snippet:-1","max-image-preview":"max-image-preview:large","max-video-preview":"max-video-preview:-1"},"canonical":"https:\/\/hrac.mx\/?page_id=547","og_locale":"es_MX","og_type":"article","og_title":"Inscr\u00edbete como voluntario &#187; hrac.mx","og_description":"Inscr\u00edbete como voluntario Tu labor social es indispensable para continuar con nuestro trabajo; si quieres unirte a nuestro grupo de voluntarios env\u00edanos un correo a administracion@hrac.mx y expl\u00edcanos en qu\u00e9 te gustar\u00eda participar: monitoreos biol\u00f3gicos, fotograf\u00edas, jornadas de reforestaci\u00f3n, organizaci\u00f3n de talleres, si eres bueno para dibujar, pintar, hablar en p\u00fablico o si conoces una [&hellip;]","og_url":"https:\/\/hrac.mx\/?page_id=547","og_site_name":"hrac.mx","article_publisher":"https:\/\/www.facebook.com\/H%c3%a1bitats-resilientes-AC-108879090900599\/?modal=admin_todo_tour","article_modified_time":"2024-12-28T00:04:22+00:00","og_image":[{"url":"http:\/\/hrac.mx\/wp-content\/uploads\/2020\/07\/IMG_0499-copia-1024x768.jpeg","type":"","width":"","height":""}],"twitter_card":"summary_large_image","twitter_site":"@habitatsresili1","twitter_misc":{"Tiempo de lectura":"1 minuto"},"schema":{"@context":"https:\/\/schema.org","@graph":[{"@type":"WebPage","@id":"https:\/\/hrac.mx\/?page_id=547","url":"https:\/\/hrac.mx\/?page_id=547","name":"Inscr\u00edbete como voluntario &#187; hrac.mx","isPartOf":{"@id":"https:\/\/hrac.mx\/#website"},"primaryImageOfPage":{"@id":"https:\/\/hrac.mx\/?page_id=547#primaryimage"},"image":{"@id":"https:\/\/hrac.mx\/?page_id=547#primaryimage"},"thumbnailUrl":"http:\/\/hrac.mx\/wp-content\/uploads\/2020\/07\/IMG_0499-copia-1024x768.jpeg","datePublished":"2020-07-12T14:22:08+00:00","dateModified":"2024-12-28T00:04:22+00:00","breadcrumb":{"@id":"https:\/\/hrac.mx\/?page_id=547#breadcrumb"},"inLanguage":"es","potentialAction":[{"@type":"ReadAction","target":["https:\/\/hrac.mx\/?page_id=547"]}]},{"@type":"ImageObject","inLanguage":"es","@id":"https:\/\/hrac.mx\/?page_id=547#primaryimage","url":"https:\/\/hrac.mx\/wp-content\/uploads\/2020\/07\/IMG_0499-copia-scaled.jpeg","contentUrl":"https:\/\/hrac.mx\/wp-content\/uploads\/2020\/07\/IMG_0499-copia-scaled.jpeg","width":2560,"height":1920,"caption":"Ejido La Flor, Reserva de la Biosfera Mapim\u00ed"},{"@type":"BreadcrumbList","@id":"https:\/\/hrac.mx\/?page_id=547#breadcrumb","itemListElement":[{"@type":"ListItem","position":1,"name":"Home","item":"https:\/\/hrac.mx\/"},{"@type":"ListItem","position":2,"name":"Inscr\u00edbete como voluntario"}]},{"@type":"WebSite","@id":"https:\/\/hrac.mx\/#website","url":"https:\/\/hrac.mx\/","name":"hrac.mx","description":"Conservaci\u00f3n del medio ambiente","publisher":{"@id":"https:\/\/hrac.mx\/#organization"},"potentialAction":[{"@type":"SearchAction","target":{"@type":"EntryPoint","urlTemplate":"https:\/\/hrac.mx\/?s={search_term_string}"},"query-input":{"@type":"PropertyValueSpecification","valueRequired":true,"valueName":"search_term_string"}}],"inLanguage":"es"},{"@type":"Organization","@id":"https:\/\/hrac.mx\/#organization","name":"H\u00e1bitats Resilientes A.C.","url":"https:\/\/hrac.mx\/","logo":{"@type":"ImageObject","inLanguage":"es","@id":"https:\/\/hrac.mx\/#\/schema\/logo\/image\/","url":"https:\/\/hrac.mx\/wp-content\/uploads\/2020\/07\/HR_RGB-01-1.png","contentUrl":"https:\/\/hrac.mx\/wp-content\/uploads\/2020\/07\/HR_RGB-01-1.png","width":1063,"height":827,"caption":"H\u00e1bitats Resilientes A.C."},"image":{"@id":"https:\/\/hrac.mx\/#\/schema\/logo\/image\/"},"sameAs":["https:\/\/www.facebook.com\/H\u00e1bitats-resilientes-AC-108879090900599\/?modal=admin_todo_tour","https:\/\/x.com\/habitatsresili1","https:\/\/www.instagram.com\/habitatsresilientesmx\/"]}]}},"_links":{"self":[{"href":"https:\/\/hrac.mx\/index.php?rest_route=\/wp\/v2\/pages\/547","targetHints":{"allow":["GET"]}}],"collection":[{"href":"https:\/\/hrac.mx\/index.php?rest_route=\/wp\/v2\/pages"}],"about":[{"href":"https:\/\/hrac.mx\/index.php?rest_route=\/wp\/v2\/types\/page"}],"author":[{"embeddable":true,"href":"https:\/\/hrac.mx\/index.php?rest_route=\/wp\/v2\/users\/1"}],"replies":[{"embeddable":true,"href":"https:\/\/hrac.mx\/index.php?rest_route=%2Fwp%2Fv2%2Fcomments&post=547"}],"version-history":[{"count":13,"href":"https:\/\/hrac.mx\/index.php?rest_route=\/wp\/v2\/pages\/547\/revisions"}],"predecessor-version":[{"id":1333,"href":"https:\/\/hrac.mx\/index.php?rest_route=\/wp\/v2\/pages\/547\/revisions\/1333"}],"wp:attachment":[{"href":"https:\/\/hrac.mx\/index.php?rest_route=%2Fwp%2Fv2%2Fmedia&parent=547"}],"curies":[{"name":"wp","href":"https:\/\/api.w.org\/{rel}","templated":true}]}}