{"id":630,"date":"2020-07-19T15:55:58","date_gmt":"2020-07-19T21:55:58","guid":{"rendered":"http:\/\/hrac.mx\/?page_id=630"},"modified":"2021-08-14T22:20:04","modified_gmt":"2021-08-15T04:20:04","slug":"quienes-somos-mision-vision-valores-organigrama","status":"publish","type":"page","link":"https:\/\/hrac.mx\/?page_id=630","title":{"rendered":"Qui\u00e9nes somos"},"content":{"rendered":"\t\t<div data-elementor-type=\"wp-page\" data-elementor-id=\"630\" class=\"elementor elementor-630\">\n\t\t\t\t\t\t<section class=\"elementor-section elementor-top-section elementor-element elementor-element-99a9711 elementor-section-boxed elementor-section-height-default elementor-section-height-default\" data-id=\"99a9711\" data-element_type=\"section\">\n\t\t\t\t\t\t<div class=\"elementor-container elementor-column-gap-default\">\n\t\t\t\t\t<div class=\"elementor-column elementor-col-33 elementor-top-column elementor-element elementor-element-c08ed04\" data-id=\"c08ed04\" data-element_type=\"column\">\n\t\t\t<div class=\"elementor-widget-wrap elementor-element-populated\">\n\t\t\t\t\t\t<div class=\"elementor-element elementor-element-cfcec50 elementor-view-default elementor-widget elementor-widget-icon\" data-id=\"cfcec50\" data-element_type=\"widget\" data-widget_type=\"icon.default\">\n\t\t\t\t<div class=\"elementor-widget-container\">\n\t\t\t\t\t\t\t<div class=\"elementor-icon-wrapper\">\n\t\t\t<div class=\"elementor-icon\">\n\t\t\t<i aria-hidden=\"true\" class=\"fas fa-crow\"><\/i>\t\t\t<\/div>\n\t\t<\/div>\n\t\t\t\t\t\t<\/div>\n\t\t\t\t<\/div>\n\t\t\t\t\t<\/div>\n\t\t<\/div>\n\t\t\t\t<div class=\"elementor-column elementor-col-66 elementor-top-column elementor-element elementor-element-c96dbd2\" data-id=\"c96dbd2\" data-element_type=\"column\">\n\t\t\t<div class=\"elementor-widget-wrap elementor-element-populated\">\n\t\t\t\t\t\t<div class=\"elementor-element elementor-element-818aef1 elementor-widget elementor-widget-heading\" data-id=\"818aef1\" data-element_type=\"widget\" data-widget_type=\"heading.default\">\n\t\t\t\t<div class=\"elementor-widget-container\">\n\t\t\t\t\t<h2 class=\"elementor-heading-title elementor-size-default\">Qui\u00e9nes somos\u200b<\/h2>\t\t\t\t<\/div>\n\t\t\t\t<\/div>\n\t\t\t\t\t<\/div>\n\t\t<\/div>\n\t\t\t\t\t<\/div>\n\t\t<\/section>\n\t\t\t\t<section class=\"elementor-section elementor-top-section elementor-element elementor-element-867af35 elementor-section-boxed elementor-section-height-default elementor-section-height-default\" data-id=\"867af35\" data-element_type=\"section\">\n\t\t\t\t\t\t<div class=\"elementor-container elementor-column-gap-default\">\n\t\t\t\t\t<div class=\"elementor-column elementor-col-100 elementor-top-column elementor-element elementor-element-b4fa3cf\" data-id=\"b4fa3cf\" data-element_type=\"column\">\n\t\t\t<div class=\"elementor-widget-wrap elementor-element-populated\">\n\t\t\t\t\t\t<div class=\"elementor-element elementor-element-0788a29 elementor-widget elementor-widget-text-editor\" data-id=\"0788a29\" data-element_type=\"widget\" data-widget_type=\"text-editor.default\">\n\t\t\t\t<div class=\"elementor-widget-container\">\n\t\t\t\t\t\t\t\t\t<p>Conoce qui\u00e9n est\u00e1 detr\u00e1s de la labor que realizamos, cu\u00e1les son nuestros objetivos y los valores que gu\u00edan nuestro trabajo\u00a0<\/p>\t\t\t\t\t\t\t\t<\/div>\n\t\t\t\t<\/div>\n\t\t\t\t<div class=\"elementor-element elementor-element-d4dc9ec elementor-widget elementor-widget-spacer\" data-id=\"d4dc9ec\" data-element_type=\"widget\" data-widget_type=\"spacer.default\">\n\t\t\t\t<div class=\"elementor-widget-container\">\n\t\t\t\t\t\t\t<div class=\"elementor-spacer\">\n\t\t\t<div class=\"elementor-spacer-inner\"><\/div>\n\t\t<\/div>\n\t\t\t\t\t\t<\/div>\n\t\t\t\t<\/div>\n\t\t\t\t\t<\/div>\n\t\t<\/div>\n\t\t\t\t\t<\/div>\n\t\t<\/section>\n\t\t\t\t<section class=\"elementor-section elementor-top-section elementor-element elementor-element-535d7f5 elementor-section-boxed elementor-section-height-default elementor-section-height-default\" data-id=\"535d7f5\" data-element_type=\"section\">\n\t\t\t\t\t\t<div class=\"elementor-container elementor-column-gap-default\">\n\t\t\t\t\t<div class=\"elementor-column elementor-col-33 elementor-top-column elementor-element elementor-element-23adb14\" data-id=\"23adb14\" data-element_type=\"column\">\n\t\t\t<div class=\"elementor-widget-wrap elementor-element-populated\">\n\t\t\t\t\t\t<div class=\"elementor-element elementor-element-821c9c8 elementor-widget elementor-widget-text-editor\" data-id=\"821c9c8\" data-element_type=\"widget\" data-widget_type=\"text-editor.default\">\n\t\t\t\t<div class=\"elementor-widget-container\">\n\t\t\t\t\t\t\t\t\t<h3 class=\"p1\"><span class=\"s1\">Misi\u00f3n: <\/span><\/h3><p class=\"p1\"><span class=\"s1\">Buscar la recuperaci\u00f3n natural de los ecosistemas a trav\u00e9s de acciones que incluyan la participaci\u00f3n comunitaria con el fin de alcanzar un desarrollo sostenible a largo plazo.<\/span><\/p>\t\t\t\t\t\t\t\t<\/div>\n\t\t\t\t<\/div>\n\t\t\t\t\t<\/div>\n\t\t<\/div>\n\t\t\t\t<div class=\"elementor-column elementor-col-33 elementor-top-column elementor-element elementor-element-56c23c4\" data-id=\"56c23c4\" data-element_type=\"column\">\n\t\t\t<div class=\"elementor-widget-wrap elementor-element-populated\">\n\t\t\t\t\t\t<div class=\"elementor-element elementor-element-7c73b4d elementor-widget elementor-widget-text-editor\" data-id=\"7c73b4d\" data-element_type=\"widget\" data-widget_type=\"text-editor.default\">\n\t\t\t\t<div class=\"elementor-widget-container\">\n\t\t\t\t\t\t\t\t\t<h3 class=\"p1\"><span class=\"s1\">VISI\u00d3N:<\/span><\/h3><p class=\"p1\"><span class=\"s1\">Ser una organizaci\u00f3n l\u00edder comprometida con la preservaci\u00f3n, el buen manejo y el aprovechamiento racional de los recursos naturales que aseguren la conservaci\u00f3n de los h\u00e1bitats prioritarios de M\u00e9xico, sus especies y el bienestar de sus habitantes.<\/span><\/p>\t\t\t\t\t\t\t\t<\/div>\n\t\t\t\t<\/div>\n\t\t\t\t\t<\/div>\n\t\t<\/div>\n\t\t\t\t<div class=\"elementor-column elementor-col-33 elementor-top-column elementor-element elementor-element-934335c\" data-id=\"934335c\" data-element_type=\"column\">\n\t\t\t<div class=\"elementor-widget-wrap elementor-element-populated\">\n\t\t\t\t\t\t<div class=\"elementor-element elementor-element-c935dc6 elementor-widget elementor-widget-text-editor\" data-id=\"c935dc6\" data-element_type=\"widget\" data-widget_type=\"text-editor.default\">\n\t\t\t\t<div class=\"elementor-widget-container\">\n\t\t\t\t\t\t\t\t\t<h3 style=\"font-style: normal; text-align: center;\"><span style=\"font-size: 22px;\">nuestros VALORES:<\/span><\/h3><ul style=\"font-size: 16px; font-style: normal; font-weight: 400;\"><li style=\"font-size: 16px;\"><span style=\"font-size: 16px;\">Honestidad<\/span><\/li><li style=\"font-size: 16px;\"><span style=\"font-size: 16px;\">Profesionalismo<\/span><\/li><li style=\"font-size: 16px;\"><span style=\"font-size: 16px;\">\u00c9tica<\/span><\/li><li style=\"font-size: 16px;\"><span style=\"font-size: 16px;\">Incluyente<\/span><\/li><li style=\"font-size: 16px;\"><span style=\"font-size: 16px;\">Responsabilidad<\/span><\/li><li style=\"font-size: 16px;\"><span style=\"font-size: 16px;\">Empat\u00eda<\/span><\/li><\/ul>\t\t\t\t\t\t\t\t<\/div>\n\t\t\t\t<\/div>\n\t\t\t\t\t<\/div>\n\t\t<\/div>\n\t\t\t\t\t<\/div>\n\t\t<\/section>\n\t\t\t\t<section class=\"elementor-section elementor-top-section elementor-element elementor-element-6c6029a elementor-section-boxed elementor-section-height-default elementor-section-height-default\" data-id=\"6c6029a\" data-element_type=\"section\">\n\t\t\t\t\t\t<div class=\"elementor-container elementor-column-gap-default\">\n\t\t\t\t\t<div class=\"elementor-column elementor-col-100 elementor-top-column elementor-element elementor-element-d5ff621\" data-id=\"d5ff621\" data-element_type=\"column\">\n\t\t\t<div class=\"elementor-widget-wrap elementor-element-populated\">\n\t\t\t\t\t\t<div class=\"elementor-element elementor-element-dc0144c elementor-widget elementor-widget-spacer\" data-id=\"dc0144c\" data-element_type=\"widget\" data-widget_type=\"spacer.default\">\n\t\t\t\t<div class=\"elementor-widget-container\">\n\t\t\t\t\t\t\t<div class=\"elementor-spacer\">\n\t\t\t<div class=\"elementor-spacer-inner\"><\/div>\n\t\t<\/div>\n\t\t\t\t\t\t<\/div>\n\t\t\t\t<\/div>\n\t\t\t\t\t<\/div>\n\t\t<\/div>\n\t\t\t\t\t<\/div>\n\t\t<\/section>\n\t\t\t\t<section class=\"elementor-section elementor-top-section elementor-element elementor-element-f875b95 elementor-section-boxed elementor-section-height-default elementor-section-height-default\" data-id=\"f875b95\" data-element_type=\"section\">\n\t\t\t\t\t\t<div class=\"elementor-container elementor-column-gap-default\">\n\t\t\t\t\t<div class=\"elementor-column elementor-col-100 elementor-top-column elementor-element elementor-element-268bd00\" data-id=\"268bd00\" data-element_type=\"column\">\n\t\t\t<div class=\"elementor-widget-wrap elementor-element-populated\">\n\t\t\t\t\t\t<div class=\"elementor-element elementor-element-459af13 elementor-widget elementor-widget-heading\" data-id=\"459af13\" data-element_type=\"widget\" data-widget_type=\"heading.default\">\n\t\t\t\t<div class=\"elementor-widget-container\">\n\t\t\t\t\t<h2 class=\"elementor-heading-title elementor-size-default\">Organigrama<\/h2>\t\t\t\t<\/div>\n\t\t\t\t<\/div>\n\t\t\t\t\t<\/div>\n\t\t<\/div>\n\t\t\t\t\t<\/div>\n\t\t<\/section>\n\t\t\t\t<section class=\"elementor-section elementor-top-section elementor-element elementor-element-26ccd71 elementor-section-boxed elementor-section-height-default elementor-section-height-default\" data-id=\"26ccd71\" data-element_type=\"section\">\n\t\t\t\t\t\t<div class=\"elementor-container elementor-column-gap-default\">\n\t\t\t\t\t<div class=\"elementor-column elementor-col-100 elementor-top-column elementor-element elementor-element-101a039\" data-id=\"101a039\" data-element_type=\"column\">\n\t\t\t<div class=\"elementor-widget-wrap elementor-element-populated\">\n\t\t\t\t\t\t<div class=\"elementor-element elementor-element-9441fd4 elementor-widget elementor-widget-text-editor\" data-id=\"9441fd4\" data-element_type=\"widget\" data-widget_type=\"text-editor.default\">\n\t\t\t\t<div class=\"elementor-widget-container\">\n\t\t\t\t\t\t\t\t\t<p>Somos un equipo multidisciplinario, que desde distintos enfoques, trabajamos con la misma pasi\u00f3n por la conservaci\u00f3n del medio ambiente; estamos integrados por bi\u00f3logos, ingenieros forestales, licenciados en desarrollo comunitario, licenciados en mercadotecnia y licenciados en contabilidad. Contamos adem\u00e1s con una Asamblea de Asociados y un Consejo Directivo, formados por l\u00edderes en el tema y empresarios apasionados del norte del M\u00e9xico, quienes supervisan y avalan nuestro labor.<\/p>\t\t\t\t\t\t\t\t<\/div>\n\t\t\t\t<\/div>\n\t\t\t\t\t<\/div>\n\t\t<\/div>\n\t\t\t\t\t<\/div>\n\t\t<\/section>\n\t\t\t\t<section class=\"elementor-section elementor-top-section elementor-element elementor-element-cddf0de elementor-section-boxed elementor-section-height-default elementor-section-height-default\" data-id=\"cddf0de\" data-element_type=\"section\">\n\t\t\t\t\t\t<div class=\"elementor-container elementor-column-gap-default\">\n\t\t\t\t\t<div class=\"elementor-column elementor-col-100 elementor-top-column elementor-element elementor-element-ddf11ab\" data-id=\"ddf11ab\" data-element_type=\"column\">\n\t\t\t<div class=\"elementor-widget-wrap elementor-element-populated\">\n\t\t\t\t\t\t<div class=\"elementor-element elementor-element-feb457d elementor-widget elementor-widget-image\" data-id=\"feb457d\" data-element_type=\"widget\" data-widget_type=\"image.default\">\n\t\t\t\t<div class=\"elementor-widget-container\">\n\t\t\t\t\t\t\t\t\t\t\t\t<figure class=\"wp-caption\">\n\t\t\t\t\t\t\t\t\t\t<img fetchpriority=\"high\" decoding=\"async\" width=\"768\" height=\"558\" src=\"https:\/\/hrac.mx\/wp-content\/uploads\/2021\/08\/Organigrama-HR-e1628999927736-768x558.png\" class=\"attachment-medium_large size-medium_large wp-image-901\" alt=\"Organigrama de la organizaci\u00f3n\" srcset=\"https:\/\/hrac.mx\/wp-content\/uploads\/2021\/08\/Organigrama-HR-e1628999927736-768x558.png 768w, https:\/\/hrac.mx\/wp-content\/uploads\/2021\/08\/Organigrama-HR-e1628999927736-300x218.png 300w, https:\/\/hrac.mx\/wp-content\/uploads\/2021\/08\/Organigrama-HR-e1628999927736-1024x744.png 1024w, https:\/\/hrac.mx\/wp-content\/uploads\/2021\/08\/Organigrama-HR-e1628999927736.png 1175w\" sizes=\"(max-width: 768px) 100vw, 768px\" \/>\t\t\t\t\t\t\t\t\t\t\t<figcaption class=\"widget-image-caption wp-caption-text\">Organigrama de la organizaci\u00f3n<\/figcaption>\n\t\t\t\t\t\t\t\t\t\t<\/figure>\n\t\t\t\t\t\t\t\t\t<\/div>\n\t\t\t\t<\/div>\n\t\t\t\t\t<\/div>\n\t\t<\/div>\n\t\t\t\t\t<\/div>\n\t\t<\/section>\n\t\t\t\t<\/div>\n\t\t","protected":false},"excerpt":{"rendered":"<p>Qui\u00e9nes somos\u200b Conoce qui\u00e9n est\u00e1 detr\u00e1s de la labor que realizamos, cu\u00e1les son nuestros objetivos y los valores que gu\u00edan nuestro trabajo\u00a0 Misi\u00f3n: Buscar la recuperaci\u00f3n natural de los ecosistemas a trav\u00e9s de acciones que incluyan la participaci\u00f3n comunitaria con el fin de alcanzar un desarrollo sostenible a largo plazo. VISI\u00d3N: Ser una organizaci\u00f3n l\u00edder [&hellip;]<\/p>\n","protected":false},"author":1,"featured_media":0,"parent":0,"menu_order":0,"comment_status":"closed","ping_status":"closed","template":"","meta":{"om_disable_all_campaigns":false,"site-sidebar-layout":"no-sidebar","site-content-layout":"page-builder","ast-site-content-layout":"","site-content-style":"default","site-sidebar-style":"default","ast-global-header-display":"","ast-banner-title-visibility":"","ast-main-header-display":"","ast-hfb-above-header-display":"","ast-hfb-below-header-display":"","ast-hfb-mobile-header-display":"","site-post-title":"disabled","ast-breadcrumbs-content":"","ast-featured-img":"disabled","footer-sml-layout":"","theme-transparent-header-meta":"default","adv-header-id-meta":"","stick-header-meta":"","header-above-stick-meta":"","header-main-stick-meta":"","header-below-stick-meta":"","astra-migrate-meta-layouts":"default","ast-page-background-enabled":"default","ast-page-background-meta":{"desktop":{"background-color":"var(--ast-global-color-4)","background-image":"","background-repeat":"repeat","background-position":"center center","background-size":"auto","background-attachment":"scroll","background-type":"","background-media":"","overlay-type":"","overlay-color":"","overlay-gradient":""},"tablet":{"background-color":"","background-image":"","background-repeat":"repeat","background-position":"center center","background-size":"auto","background-attachment":"scroll","background-type":"","background-media":"","overlay-type":"","overlay-color":"","overlay-gradient":""},"mobile":{"background-color":"","background-image":"","background-repeat":"repeat","background-position":"center center","background-size":"auto","background-attachment":"scroll","background-type":"","background-media":"","overlay-type":"","overlay-color":"","overlay-gradient":""}},"ast-content-background-meta":{"desktop":{"background-color":"var(--ast-global-color-5)","background-image":"","background-repeat":"repeat","background-position":"center center","background-size":"auto","background-attachment":"scroll","background-type":"","background-media":"","overlay-type":"","overlay-color":"","overlay-gradient":""},"tablet":{"background-color":"var(--ast-global-color-5)","background-image":"","background-repeat":"repeat","background-position":"center center","background-size":"auto","background-attachment":"scroll","background-type":"","background-media":"","overlay-type":"","overlay-color":"","overlay-gradient":""},"mobile":{"background-color":"var(--ast-global-color-5)","background-image":"","background-repeat":"repeat","background-position":"center center","background-size":"auto","background-attachment":"scroll","background-type":"","background-media":"","overlay-type":"","overlay-color":"","overlay-gradient":""}},"footnotes":""},"class_list":["post-630","page","type-page","status-publish","hentry"],"yoast_head":"<!-- This site is optimized with the Yoast SEO plugin v25.3.1 - https:\/\/yoast.com\/wordpress\/plugins\/seo\/ -->\n<title>Qui\u00e9nes somos &#187; bi\u00f3logos licenciado en desarrollo comunitario hrac.mx<\/title>\n<meta name=\"description\" content=\"Qui\u00e9nes somos nuestra visi\u00f3n misi\u00f3n valores organigrama bi\u00f3logos licenciado en desarrollo comunitario ingeniero forestal\" \/>\n<meta name=\"robots\" content=\"index, follow, max-snippet:-1, max-image-preview:large, max-video-preview:-1\" \/>\n<link rel=\"canonical\" href=\"https:\/\/hrac.mx\/?page_id=630\" \/>\n<meta property=\"og:locale\" content=\"es_MX\" \/>\n<meta property=\"og:type\" content=\"article\" \/>\n<meta property=\"og:title\" content=\"Qui\u00e9nes somos &#187; bi\u00f3logos licenciado en desarrollo comunitario hrac.mx\" \/>\n<meta property=\"og:description\" content=\"Qui\u00e9nes somos nuestra visi\u00f3n misi\u00f3n valores organigrama bi\u00f3logos licenciado en desarrollo comunitario ingeniero forestal\" \/>\n<meta property=\"og:url\" content=\"https:\/\/hrac.mx\/?page_id=630\" \/>\n<meta property=\"og:site_name\" content=\"hrac.mx\" \/>\n<meta property=\"article:publisher\" content=\"https:\/\/www.facebook.com\/H%c3%a1bitats-resilientes-AC-108879090900599\/?modal=admin_todo_tour\" \/>\n<meta property=\"article:modified_time\" content=\"2021-08-15T04:20:04+00:00\" \/>\n<meta property=\"og:image\" content=\"http:\/\/hrac.mx\/wp-content\/uploads\/2021\/08\/Organigrama-HR-e1628999927736-768x558.png\" \/>\n<meta name=\"twitter:card\" content=\"summary_large_image\" \/>\n<meta name=\"twitter:site\" content=\"@habitatsresili1\" \/>\n<meta name=\"twitter:label1\" content=\"Tiempo de lectura\" \/>\n\t<meta name=\"twitter:data1\" content=\"1 minuto\" \/>\n<script type=\"application\/ld+json\" class=\"yoast-schema-graph\">{\"@context\":\"https:\/\/schema.org\",\"@graph\":[{\"@type\":\"WebPage\",\"@id\":\"https:\/\/hrac.mx\/?page_id=630\",\"url\":\"https:\/\/hrac.mx\/?page_id=630\",\"name\":\"Qui\u00e9nes somos &#187; bi\u00f3logos licenciado en desarrollo comunitario hrac.mx\",\"isPartOf\":{\"@id\":\"https:\/\/hrac.mx\/#website\"},\"primaryImageOfPage\":{\"@id\":\"https:\/\/hrac.mx\/?page_id=630#primaryimage\"},\"image\":{\"@id\":\"https:\/\/hrac.mx\/?page_id=630#primaryimage\"},\"thumbnailUrl\":\"http:\/\/hrac.mx\/wp-content\/uploads\/2021\/08\/Organigrama-HR-e1628999927736-768x558.png\",\"datePublished\":\"2020-07-19T21:55:58+00:00\",\"dateModified\":\"2021-08-15T04:20:04+00:00\",\"description\":\"Qui\u00e9nes somos nuestra visi\u00f3n misi\u00f3n valores organigrama bi\u00f3logos licenciado en desarrollo comunitario ingeniero forestal\",\"breadcrumb\":{\"@id\":\"https:\/\/hrac.mx\/?page_id=630#breadcrumb\"},\"inLanguage\":\"es\",\"potentialAction\":[{\"@type\":\"ReadAction\",\"target\":[\"https:\/\/hrac.mx\/?page_id=630\"]}]},{\"@type\":\"ImageObject\",\"inLanguage\":\"es\",\"@id\":\"https:\/\/hrac.mx\/?page_id=630#primaryimage\",\"url\":\"http:\/\/hrac.mx\/wp-content\/uploads\/2021\/08\/Organigrama-HR-e1628999927736-768x558.png\",\"contentUrl\":\"http:\/\/hrac.mx\/wp-content\/uploads\/2021\/08\/Organigrama-HR-e1628999927736-768x558.png\"},{\"@type\":\"BreadcrumbList\",\"@id\":\"https:\/\/hrac.mx\/?page_id=630#breadcrumb\",\"itemListElement\":[{\"@type\":\"ListItem\",\"position\":1,\"name\":\"Home\",\"item\":\"https:\/\/hrac.mx\/\"},{\"@type\":\"ListItem\",\"position\":2,\"name\":\"Qui\u00e9nes somos\"}]},{\"@type\":\"WebSite\",\"@id\":\"https:\/\/hrac.mx\/#website\",\"url\":\"https:\/\/hrac.mx\/\",\"name\":\"hrac.mx\",\"description\":\"Conservaci\u00f3n del medio ambiente\",\"publisher\":{\"@id\":\"https:\/\/hrac.mx\/#organization\"},\"potentialAction\":[{\"@type\":\"SearchAction\",\"target\":{\"@type\":\"EntryPoint\",\"urlTemplate\":\"https:\/\/hrac.mx\/?s={search_term_string}\"},\"query-input\":{\"@type\":\"PropertyValueSpecification\",\"valueRequired\":true,\"valueName\":\"search_term_string\"}}],\"inLanguage\":\"es\"},{\"@type\":\"Organization\",\"@id\":\"https:\/\/hrac.mx\/#organization\",\"name\":\"H\u00e1bitats Resilientes A.C.\",\"url\":\"https:\/\/hrac.mx\/\",\"logo\":{\"@type\":\"ImageObject\",\"inLanguage\":\"es\",\"@id\":\"https:\/\/hrac.mx\/#\/schema\/logo\/image\/\",\"url\":\"https:\/\/hrac.mx\/wp-content\/uploads\/2020\/07\/HR_RGB-01-1.png\",\"contentUrl\":\"https:\/\/hrac.mx\/wp-content\/uploads\/2020\/07\/HR_RGB-01-1.png\",\"width\":1063,\"height\":827,\"caption\":\"H\u00e1bitats Resilientes A.C.\"},\"image\":{\"@id\":\"https:\/\/hrac.mx\/#\/schema\/logo\/image\/\"},\"sameAs\":[\"https:\/\/www.facebook.com\/H\u00e1bitats-resilientes-AC-108879090900599\/?modal=admin_todo_tour\",\"https:\/\/x.com\/habitatsresili1\",\"https:\/\/www.instagram.com\/habitatsresilientesmx\/\"]}]}<\/script>\n<!-- \/ Yoast SEO plugin. -->","yoast_head_json":{"title":"Qui\u00e9nes somos &#187; bi\u00f3logos licenciado en desarrollo comunitario hrac.mx","description":"Qui\u00e9nes somos nuestra visi\u00f3n misi\u00f3n valores organigrama bi\u00f3logos licenciado en desarrollo comunitario ingeniero forestal","robots":{"index":"index","follow":"follow","max-snippet":"max-snippet:-1","max-image-preview":"max-image-preview:large","max-video-preview":"max-video-preview:-1"},"canonical":"https:\/\/hrac.mx\/?page_id=630","og_locale":"es_MX","og_type":"article","og_title":"Qui\u00e9nes somos &#187; bi\u00f3logos licenciado en desarrollo comunitario hrac.mx","og_description":"Qui\u00e9nes somos nuestra visi\u00f3n misi\u00f3n valores organigrama bi\u00f3logos licenciado en desarrollo comunitario ingeniero forestal","og_url":"https:\/\/hrac.mx\/?page_id=630","og_site_name":"hrac.mx","article_publisher":"https:\/\/www.facebook.com\/H%c3%a1bitats-resilientes-AC-108879090900599\/?modal=admin_todo_tour","article_modified_time":"2021-08-15T04:20:04+00:00","og_image":[{"url":"http:\/\/hrac.mx\/wp-content\/uploads\/2021\/08\/Organigrama-HR-e1628999927736-768x558.png","type":"","width":"","height":""}],"twitter_card":"summary_large_image","twitter_site":"@habitatsresili1","twitter_misc":{"Tiempo de lectura":"1 minuto"},"schema":{"@context":"https:\/\/schema.org","@graph":[{"@type":"WebPage","@id":"https:\/\/hrac.mx\/?page_id=630","url":"https:\/\/hrac.mx\/?page_id=630","name":"Qui\u00e9nes somos &#187; bi\u00f3logos licenciado en desarrollo comunitario hrac.mx","isPartOf":{"@id":"https:\/\/hrac.mx\/#website"},"primaryImageOfPage":{"@id":"https:\/\/hrac.mx\/?page_id=630#primaryimage"},"image":{"@id":"https:\/\/hrac.mx\/?page_id=630#primaryimage"},"thumbnailUrl":"http:\/\/hrac.mx\/wp-content\/uploads\/2021\/08\/Organigrama-HR-e1628999927736-768x558.png","datePublished":"2020-07-19T21:55:58+00:00","dateModified":"2021-08-15T04:20:04+00:00","description":"Qui\u00e9nes somos nuestra visi\u00f3n misi\u00f3n valores organigrama bi\u00f3logos licenciado en desarrollo comunitario ingeniero forestal","breadcrumb":{"@id":"https:\/\/hrac.mx\/?page_id=630#breadcrumb"},"inLanguage":"es","potentialAction":[{"@type":"ReadAction","target":["https:\/\/hrac.mx\/?page_id=630"]}]},{"@type":"ImageObject","inLanguage":"es","@id":"https:\/\/hrac.mx\/?page_id=630#primaryimage","url":"http:\/\/hrac.mx\/wp-content\/uploads\/2021\/08\/Organigrama-HR-e1628999927736-768x558.png","contentUrl":"http:\/\/hrac.mx\/wp-content\/uploads\/2021\/08\/Organigrama-HR-e1628999927736-768x558.png"},{"@type":"BreadcrumbList","@id":"https:\/\/hrac.mx\/?page_id=630#breadcrumb","itemListElement":[{"@type":"ListItem","position":1,"name":"Home","item":"https:\/\/hrac.mx\/"},{"@type":"ListItem","position":2,"name":"Qui\u00e9nes somos"}]},{"@type":"WebSite","@id":"https:\/\/hrac.mx\/#website","url":"https:\/\/hrac.mx\/","name":"hrac.mx","description":"Conservaci\u00f3n del medio ambiente","publisher":{"@id":"https:\/\/hrac.mx\/#organization"},"potentialAction":[{"@type":"SearchAction","target":{"@type":"EntryPoint","urlTemplate":"https:\/\/hrac.mx\/?s={search_term_string}"},"query-input":{"@type":"PropertyValueSpecification","valueRequired":true,"valueName":"search_term_string"}}],"inLanguage":"es"},{"@type":"Organization","@id":"https:\/\/hrac.mx\/#organization","name":"H\u00e1bitats Resilientes A.C.","url":"https:\/\/hrac.mx\/","logo":{"@type":"ImageObject","inLanguage":"es","@id":"https:\/\/hrac.mx\/#\/schema\/logo\/image\/","url":"https:\/\/hrac.mx\/wp-content\/uploads\/2020\/07\/HR_RGB-01-1.png","contentUrl":"https:\/\/hrac.mx\/wp-content\/uploads\/2020\/07\/HR_RGB-01-1.png","width":1063,"height":827,"caption":"H\u00e1bitats Resilientes A.C."},"image":{"@id":"https:\/\/hrac.mx\/#\/schema\/logo\/image\/"},"sameAs":["https:\/\/www.facebook.com\/H\u00e1bitats-resilientes-AC-108879090900599\/?modal=admin_todo_tour","https:\/\/x.com\/habitatsresili1","https:\/\/www.instagram.com\/habitatsresilientesmx\/"]}]}},"_links":{"self":[{"href":"https:\/\/hrac.mx\/index.php?rest_route=\/wp\/v2\/pages\/630","targetHints":{"allow":["GET"]}}],"collection":[{"href":"https:\/\/hrac.mx\/index.php?rest_route=\/wp\/v2\/pages"}],"about":[{"href":"https:\/\/hrac.mx\/index.php?rest_route=\/wp\/v2\/types\/page"}],"author":[{"embeddable":true,"href":"https:\/\/hrac.mx\/index.php?rest_route=\/wp\/v2\/users\/1"}],"replies":[{"embeddable":true,"href":"https:\/\/hrac.mx\/index.php?rest_route=%2Fwp%2Fv2%2Fcomments&post=630"}],"version-history":[{"count":22,"href":"https:\/\/hrac.mx\/index.php?rest_route=\/wp\/v2\/pages\/630\/revisions"}],"predecessor-version":[{"id":922,"href":"https:\/\/hrac.mx\/index.php?rest_route=\/wp\/v2\/pages\/630\/revisions\/922"}],"wp:attachment":[{"href":"https:\/\/hrac.mx\/index.php?rest_route=%2Fwp%2Fv2%2Fmedia&parent=630"}],"curies":[{"name":"wp","href":"https:\/\/api.w.org\/{rel}","templated":true}]}}