{"id":776,"date":"2020-11-29T00:11:50","date_gmt":"2020-11-29T06:11:50","guid":{"rendered":"http:\/\/hrac.mx\/?page_id=776"},"modified":"2020-11-29T01:02:30","modified_gmt":"2020-11-29T07:02:30","slug":"manifiesto-de-impacto-ambiental-mia","status":"publish","type":"page","link":"https:\/\/hrac.mx\/?page_id=776","title":{"rendered":"elaboraci\u00f3n de Manifiesto de impacto ambiental"},"content":{"rendered":"\t\t<div data-elementor-type=\"wp-page\" data-elementor-id=\"776\" class=\"elementor elementor-776\">\n\t\t\t\t\t\t<section class=\"elementor-section elementor-top-section elementor-element elementor-element-8600215 elementor-section-boxed elementor-section-height-default elementor-section-height-default\" data-id=\"8600215\" data-element_type=\"section\">\n\t\t\t\t\t\t<div class=\"elementor-container elementor-column-gap-default\">\n\t\t\t\t\t<div class=\"elementor-column elementor-col-100 elementor-top-column elementor-element elementor-element-641d3f1\" data-id=\"641d3f1\" data-element_type=\"column\">\n\t\t\t<div class=\"elementor-widget-wrap elementor-element-populated\">\n\t\t\t\t\t\t<div class=\"elementor-element elementor-element-337027a elementor-widget elementor-widget-heading\" data-id=\"337027a\" data-element_type=\"widget\" data-widget_type=\"heading.default\">\n\t\t\t\t<div class=\"elementor-widget-container\">\n\t\t\t\t\t<h2 class=\"elementor-heading-title elementor-size-default\">elaboraci\u00f3n de Manifiesto de impacto ambiental<\/h2>\t\t\t\t<\/div>\n\t\t\t\t<\/div>\n\t\t\t\t<div class=\"elementor-element elementor-element-13996bf elementor-widget elementor-widget-spacer\" data-id=\"13996bf\" data-element_type=\"widget\" data-widget_type=\"spacer.default\">\n\t\t\t\t<div class=\"elementor-widget-container\">\n\t\t\t\t\t\t\t<div class=\"elementor-spacer\">\n\t\t\t<div class=\"elementor-spacer-inner\"><\/div>\n\t\t<\/div>\n\t\t\t\t\t\t<\/div>\n\t\t\t\t<\/div>\n\t\t\t\t\t<\/div>\n\t\t<\/div>\n\t\t\t\t\t<\/div>\n\t\t<\/section>\n\t\t\t\t<section class=\"elementor-section elementor-top-section elementor-element elementor-element-1aeb0e9 elementor-section-boxed elementor-section-height-default elementor-section-height-default\" data-id=\"1aeb0e9\" data-element_type=\"section\">\n\t\t\t\t\t\t<div class=\"elementor-container elementor-column-gap-default\">\n\t\t\t\t\t<div class=\"elementor-column elementor-col-50 elementor-top-column elementor-element elementor-element-d7a195f\" data-id=\"d7a195f\" data-element_type=\"column\">\n\t\t\t<div class=\"elementor-widget-wrap elementor-element-populated\">\n\t\t\t\t\t\t<div class=\"elementor-element elementor-element-63c8ebd elementor-widget elementor-widget-text-editor\" data-id=\"63c8ebd\" data-element_type=\"widget\" data-widget_type=\"text-editor.default\">\n\t\t\t\t<div class=\"elementor-widget-container\">\n\t\t\t\t\t\t\t\t\t<ul><li><span class=\"s1\" style=\"font-kerning: none;\">Sitio: San Fernando y Matamoros, Tamaulipas<\/span><\/li><li><span class=\"s1\" style=\"font-kerning: none;\">Donante: TERRA Asesor\u00eda Ambiental, S.C.<\/span><\/li><li><span class=\"s1\" style=\"font-kerning: none;\">Plazo de ejecuci\u00f3n: Junio a noviembre 2020<\/span><\/li><\/ul><p><span class=\"s1\" style=\"font-kerning: none;\">Se realizaron dos diagn\u00f3sticos para el tr\u00e1mite de la Exenci\u00f3n de Manifiestos de Impacto Ambiental MIA en dos obras civiles, la primera en el rancho \u201cPotrero del Llano\u201d en el municipio de San Fernando y la segunda obra en la desembocadura de la laguna Mar Negro en el municipio de Matamoros, ambos en el estado de Tamaulipas.<\/span><\/p><p><span class=\"s1\" style=\"font-kerning: none;\"> El objetivo es cumplir con la normativa federal en materia ambiental y tener la autorizaci\u00f3n de la SEMARNAT Delegaci\u00f3n Tamaulipas para la construcci\u00f3n de las obras de restauraci\u00f3n de humedales antes mencionadas, garantizando que las acciones del proyecto tengan un impacto positivo para los fines de conservaci\u00f3n de los sitios; estas obras incluyen la reconstrucci\u00f3n de bordos para la captaci\u00f3n de agua dulce, su desazolve y la remoci\u00f3n de vegetaci\u00f3n secundaria invasiva.<\/span><\/p>\t\t\t\t\t\t\t\t<\/div>\n\t\t\t\t<\/div>\n\t\t\t\t\t<\/div>\n\t\t<\/div>\n\t\t\t\t<div class=\"elementor-column elementor-col-50 elementor-top-column elementor-element elementor-element-5f64272\" data-id=\"5f64272\" data-element_type=\"column\">\n\t\t\t<div class=\"elementor-widget-wrap elementor-element-populated\">\n\t\t\t\t\t\t<div class=\"elementor-element elementor-element-428fa81 elementor-widget elementor-widget-image\" data-id=\"428fa81\" data-element_type=\"widget\" data-widget_type=\"image.default\">\n\t\t\t\t<div class=\"elementor-widget-container\">\n\t\t\t\t\t\t\t\t\t\t\t\t<figure class=\"wp-caption\">\n\t\t\t\t\t\t\t\t\t\t<img fetchpriority=\"high\" decoding=\"async\" width=\"420\" height=\"239\" src=\"https:\/\/hrac.mx\/wp-content\/uploads\/2020\/11\/image001.png\" class=\"attachment-large size-large wp-image-778\" alt=\"Bordo en mal estado\" srcset=\"https:\/\/hrac.mx\/wp-content\/uploads\/2020\/11\/image001.png 420w, https:\/\/hrac.mx\/wp-content\/uploads\/2020\/11\/image001-300x171.png 300w\" sizes=\"(max-width: 420px) 100vw, 420px\" \/>\t\t\t\t\t\t\t\t\t\t\t<figcaption class=\"widget-image-caption wp-caption-text\">Bordo en mal estado<\/figcaption>\n\t\t\t\t\t\t\t\t\t\t<\/figure>\n\t\t\t\t\t\t\t\t\t<\/div>\n\t\t\t\t<\/div>\n\t\t\t\t<div class=\"elementor-element elementor-element-2ee8ede elementor-widget elementor-widget-image\" data-id=\"2ee8ede\" data-element_type=\"widget\" data-widget_type=\"image.default\">\n\t\t\t\t<div class=\"elementor-widget-container\">\n\t\t\t\t\t\t\t\t\t\t\t\t<figure class=\"wp-caption\">\n\t\t\t\t\t\t\t\t\t\t<img decoding=\"async\" width=\"397\" height=\"216\" src=\"https:\/\/hrac.mx\/wp-content\/uploads\/2020\/11\/image002.png\" class=\"attachment-large size-large wp-image-782\" alt=\"Reconstrucci\u00f3n de bordo\" srcset=\"https:\/\/hrac.mx\/wp-content\/uploads\/2020\/11\/image002.png 397w, https:\/\/hrac.mx\/wp-content\/uploads\/2020\/11\/image002-300x163.png 300w\" sizes=\"(max-width: 397px) 100vw, 397px\" \/>\t\t\t\t\t\t\t\t\t\t\t<figcaption class=\"widget-image-caption wp-caption-text\">Reconstrucci\u00f3n de bordo<\/figcaption>\n\t\t\t\t\t\t\t\t\t\t<\/figure>\n\t\t\t\t\t\t\t\t\t<\/div>\n\t\t\t\t<\/div>\n\t\t\t\t\t<\/div>\n\t\t<\/div>\n\t\t\t\t\t<\/div>\n\t\t<\/section>\n\t\t\t\t<section class=\"elementor-section elementor-top-section elementor-element elementor-element-be4bc2a elementor-section-boxed elementor-section-height-default elementor-section-height-default\" data-id=\"be4bc2a\" data-element_type=\"section\">\n\t\t\t\t\t\t<div class=\"elementor-container elementor-column-gap-default\">\n\t\t\t\t\t<div class=\"elementor-column elementor-col-100 elementor-top-column elementor-element elementor-element-c0f9220\" data-id=\"c0f9220\" data-element_type=\"column\">\n\t\t\t<div class=\"elementor-widget-wrap elementor-element-populated\">\n\t\t\t\t\t\t<div class=\"elementor-element elementor-element-88cf1be elementor-widget elementor-widget-progress\" data-id=\"88cf1be\" data-element_type=\"widget\" data-widget_type=\"progress.default\">\n\t\t\t\t<div class=\"elementor-widget-container\">\n\t\t\t\t\t\t\t\t<span class=\"elementor-title\" id=\"elementor-progress-bar-88cf1be\">\n\t\t\t\tAvance de proyecto\t\t\t<\/span>\n\t\t\n\t\t<div aria-labelledby=\"elementor-progress-bar-88cf1be\" class=\"elementor-progress-wrapper\" role=\"progressbar\" aria-valuemin=\"0\" aria-valuemax=\"100\" aria-valuenow=\"100\" aria-valuetext=\"100% (Terminado)\">\n\t\t\t<div class=\"elementor-progress-bar\" data-max=\"100\">\n\t\t\t\t<span class=\"elementor-progress-text\">Terminado<\/span>\n\t\t\t\t\t\t\t\t\t<span class=\"elementor-progress-percentage\">100%<\/span>\n\t\t\t\t\t\t\t<\/div>\n\t\t<\/div>\n\t\t\t\t\t\t<\/div>\n\t\t\t\t<\/div>\n\t\t\t\t\t<\/div>\n\t\t<\/div>\n\t\t\t\t\t<\/div>\n\t\t<\/section>\n\t\t\t\t<section class=\"elementor-section elementor-top-section elementor-element elementor-element-d29c002 elementor-section-boxed elementor-section-height-default elementor-section-height-default\" data-id=\"d29c002\" data-element_type=\"section\">\n\t\t\t\t\t\t<div class=\"elementor-container elementor-column-gap-default\">\n\t\t\t\t\t<div class=\"elementor-column elementor-col-100 elementor-top-column elementor-element elementor-element-2d36731\" data-id=\"2d36731\" data-element_type=\"column\">\n\t\t\t<div class=\"elementor-widget-wrap elementor-element-populated\">\n\t\t\t\t\t\t<div class=\"elementor-element elementor-element-0180c1f elementor-widget elementor-widget-spacer\" data-id=\"0180c1f\" data-element_type=\"widget\" data-widget_type=\"spacer.default\">\n\t\t\t\t<div class=\"elementor-widget-container\">\n\t\t\t\t\t\t\t<div class=\"elementor-spacer\">\n\t\t\t<div class=\"elementor-spacer-inner\"><\/div>\n\t\t<\/div>\n\t\t\t\t\t\t<\/div>\n\t\t\t\t<\/div>\n\t\t\t\t\t<\/div>\n\t\t<\/div>\n\t\t\t\t\t<\/div>\n\t\t<\/section>\n\t\t\t\t<section class=\"elementor-section elementor-top-section elementor-element elementor-element-d26ad5f elementor-section-boxed elementor-section-height-default elementor-section-height-default\" data-id=\"d26ad5f\" data-element_type=\"section\" data-settings=\"{&quot;background_background&quot;:&quot;classic&quot;}\">\n\t\t\t\t\t\t<div class=\"elementor-container elementor-column-gap-default\">\n\t\t\t\t\t<div class=\"elementor-column elementor-col-100 elementor-top-column elementor-element elementor-element-4c8dab3\" data-id=\"4c8dab3\" data-element_type=\"column\">\n\t\t\t<div class=\"elementor-widget-wrap elementor-element-populated\">\n\t\t\t\t\t\t<div class=\"elementor-element elementor-element-5eac8b8 elementor-widget elementor-widget-heading\" data-id=\"5eac8b8\" data-element_type=\"widget\" data-widget_type=\"heading.default\">\n\t\t\t\t<div class=\"elementor-widget-container\">\n\t\t\t\t\t<h3 class=\"elementor-heading-title elementor-size-default\">Para saber m\u00e1s...<\/h3>\t\t\t\t<\/div>\n\t\t\t\t<\/div>\n\t\t\t\t\t<\/div>\n\t\t<\/div>\n\t\t\t\t\t<\/div>\n\t\t<\/section>\n\t\t\t\t<section class=\"elementor-section elementor-top-section elementor-element elementor-element-3491ba4 elementor-section-boxed elementor-section-height-default elementor-section-height-default\" data-id=\"3491ba4\" data-element_type=\"section\">\n\t\t\t\t\t\t<div class=\"elementor-container elementor-column-gap-default\">\n\t\t\t\t\t<div class=\"elementor-column elementor-col-100 elementor-top-column elementor-element elementor-element-8067add\" data-id=\"8067add\" data-element_type=\"column\">\n\t\t\t<div class=\"elementor-widget-wrap elementor-element-populated\">\n\t\t\t\t\t\t<div class=\"elementor-element elementor-element-aad6f23 elementor-widget elementor-widget-text-editor\" data-id=\"aad6f23\" data-element_type=\"widget\" data-widget_type=\"text-editor.default\">\n\t\t\t\t<div class=\"elementor-widget-container\">\n\t\t\t\t\t\t\t\t\t<p style=\"text-align: center;\"><a href=\"https:\/\/www.gob.mx\/profepa\/articulos\/manifestacion-de-impacto-ambiental-mia#:~:text=11)-,%C2%BFQu%C3%A9%20es%20la%20Manifestaci%C3%B3n%20de%20Impacto%20Ambiental%20(MIA)%3F,y%20en%20la%20salud%20humana.\"target=\"_blank\">\u21d2 \u00bfQu\u00e9 es un Manifiesto de Impacto Ambiental?<\/a><\/p>\t\t\t\t\t\t\t\t<\/div>\n\t\t\t\t<\/div>\n\t\t\t\t\t<\/div>\n\t\t<\/div>\n\t\t\t\t\t<\/div>\n\t\t<\/section>\n\t\t\t\t<\/div>\n\t\t","protected":false},"excerpt":{"rendered":"<p>elaboraci\u00f3n de Manifiesto de impacto ambiental Sitio: San Fernando y Matamoros, Tamaulipas Donante: TERRA Asesor\u00eda Ambiental, S.C. Plazo de ejecuci\u00f3n: Junio a noviembre 2020 Se realizaron dos diagn\u00f3sticos para el tr\u00e1mite de la Exenci\u00f3n de Manifiestos de Impacto Ambiental MIA en dos obras civiles, la primera en el rancho \u201cPotrero del Llano\u201d en el municipio [&hellip;]<\/p>\n","protected":false},"author":1,"featured_media":0,"parent":0,"menu_order":0,"comment_status":"closed","ping_status":"closed","template":"","meta":{"om_disable_all_campaigns":false,"site-sidebar-layout":"no-sidebar","site-content-layout":"page-builder","ast-site-content-layout":"","site-content-style":"default","site-sidebar-style":"default","ast-global-header-display":"","ast-banner-title-visibility":"","ast-main-header-display":"","ast-hfb-above-header-display":"","ast-hfb-below-header-display":"","ast-hfb-mobile-header-display":"","site-post-title":"disabled","ast-breadcrumbs-content":"","ast-featured-img":"disabled","footer-sml-layout":"","theme-transparent-header-meta":"default","adv-header-id-meta":"","stick-header-meta":"","header-above-stick-meta":"","header-main-stick-meta":"","header-below-stick-meta":"","astra-migrate-meta-layouts":"default","ast-page-background-enabled":"default","ast-page-background-meta":{"desktop":{"background-color":"var(--ast-global-color-4)","background-image":"","background-repeat":"repeat","background-position":"center center","background-size":"auto","background-attachment":"scroll","background-type":"","background-media":"","overlay-type":"","overlay-color":"","overlay-gradient":""},"tablet":{"background-color":"","background-image":"","background-repeat":"repeat","background-position":"center center","background-size":"auto","background-attachment":"scroll","background-type":"","background-media":"","overlay-type":"","overlay-color":"","overlay-gradient":""},"mobile":{"background-color":"","background-image":"","background-repeat":"repeat","background-position":"center center","background-size":"auto","background-attachment":"scroll","background-type":"","background-media":"","overlay-type":"","overlay-color":"","overlay-gradient":""}},"ast-content-background-meta":{"desktop":{"background-color":"var(--ast-global-color-5)","background-image":"","background-repeat":"repeat","background-position":"center center","background-size":"auto","background-attachment":"scroll","background-type":"","background-media":"","overlay-type":"","overlay-color":"","overlay-gradient":""},"tablet":{"background-color":"var(--ast-global-color-5)","background-image":"","background-repeat":"repeat","background-position":"center center","background-size":"auto","background-attachment":"scroll","background-type":"","background-media":"","overlay-type":"","overlay-color":"","overlay-gradient":""},"mobile":{"background-color":"var(--ast-global-color-5)","background-image":"","background-repeat":"repeat","background-position":"center center","background-size":"auto","background-attachment":"scroll","background-type":"","background-media":"","overlay-type":"","overlay-color":"","overlay-gradient":""}},"footnotes":""},"class_list":["post-776","page","type-page","status-publish","hentry"],"yoast_head":"<!-- This site is optimized with the Yoast SEO plugin v25.3.1 - https:\/\/yoast.com\/wordpress\/plugins\/seo\/ -->\n<title>elaboraci\u00f3n de Manifiesto de impacto ambiental &#187; hrac.mx<\/title>\n<meta name=\"description\" content=\"Exenci\u00f3n del MIA que garantiza que las acciones del proyecto tengan un impacto positivo para los fines de conservaci\u00f3n de los sitios\" \/>\n<meta name=\"robots\" content=\"index, follow, max-snippet:-1, max-image-preview:large, max-video-preview:-1\" \/>\n<link rel=\"canonical\" href=\"https:\/\/hrac.mx\/?page_id=776\" \/>\n<meta property=\"og:locale\" content=\"es_MX\" \/>\n<meta property=\"og:type\" content=\"article\" \/>\n<meta property=\"og:title\" content=\"elaboraci\u00f3n de Manifiesto de impacto ambiental &#187; hrac.mx\" \/>\n<meta property=\"og:description\" content=\"Exenci\u00f3n del MIA que garantiza que las acciones del proyecto tengan un impacto positivo para los fines de conservaci\u00f3n de los sitios\" \/>\n<meta property=\"og:url\" content=\"https:\/\/hrac.mx\/?page_id=776\" \/>\n<meta property=\"og:site_name\" content=\"hrac.mx\" \/>\n<meta property=\"article:publisher\" content=\"https:\/\/www.facebook.com\/H%c3%a1bitats-resilientes-AC-108879090900599\/?modal=admin_todo_tour\" \/>\n<meta property=\"article:modified_time\" content=\"2020-11-29T07:02:30+00:00\" \/>\n<meta property=\"og:image\" content=\"http:\/\/hrac.mx\/wp-content\/uploads\/2020\/11\/image001.png\" \/>\n<meta name=\"twitter:card\" content=\"summary_large_image\" \/>\n<meta name=\"twitter:site\" content=\"@habitatsresili1\" \/>\n<meta name=\"twitter:label1\" content=\"Tiempo de lectura\" \/>\n\t<meta name=\"twitter:data1\" content=\"1 minuto\" \/>\n<script type=\"application\/ld+json\" class=\"yoast-schema-graph\">{\"@context\":\"https:\/\/schema.org\",\"@graph\":[{\"@type\":\"WebPage\",\"@id\":\"https:\/\/hrac.mx\/?page_id=776\",\"url\":\"https:\/\/hrac.mx\/?page_id=776\",\"name\":\"elaboraci\u00f3n de Manifiesto de impacto ambiental &#187; hrac.mx\",\"isPartOf\":{\"@id\":\"https:\/\/hrac.mx\/#website\"},\"primaryImageOfPage\":{\"@id\":\"https:\/\/hrac.mx\/?page_id=776#primaryimage\"},\"image\":{\"@id\":\"https:\/\/hrac.mx\/?page_id=776#primaryimage\"},\"thumbnailUrl\":\"http:\/\/hrac.mx\/wp-content\/uploads\/2020\/11\/image001.png\",\"datePublished\":\"2020-11-29T06:11:50+00:00\",\"dateModified\":\"2020-11-29T07:02:30+00:00\",\"description\":\"Exenci\u00f3n del MIA que garantiza que las acciones del proyecto tengan un impacto positivo para los fines de conservaci\u00f3n de los sitios\",\"breadcrumb\":{\"@id\":\"https:\/\/hrac.mx\/?page_id=776#breadcrumb\"},\"inLanguage\":\"es\",\"potentialAction\":[{\"@type\":\"ReadAction\",\"target\":[\"https:\/\/hrac.mx\/?page_id=776\"]}]},{\"@type\":\"ImageObject\",\"inLanguage\":\"es\",\"@id\":\"https:\/\/hrac.mx\/?page_id=776#primaryimage\",\"url\":\"https:\/\/hrac.mx\/wp-content\/uploads\/2020\/11\/image001.png\",\"contentUrl\":\"https:\/\/hrac.mx\/wp-content\/uploads\/2020\/11\/image001.png\",\"width\":420,\"height\":239,\"caption\":\"Bordo en mal estado\"},{\"@type\":\"BreadcrumbList\",\"@id\":\"https:\/\/hrac.mx\/?page_id=776#breadcrumb\",\"itemListElement\":[{\"@type\":\"ListItem\",\"position\":1,\"name\":\"Home\",\"item\":\"https:\/\/hrac.mx\/\"},{\"@type\":\"ListItem\",\"position\":2,\"name\":\"elaboraci\u00f3n de Manifiesto de impacto ambiental\"}]},{\"@type\":\"WebSite\",\"@id\":\"https:\/\/hrac.mx\/#website\",\"url\":\"https:\/\/hrac.mx\/\",\"name\":\"hrac.mx\",\"description\":\"Conservaci\u00f3n del medio ambiente\",\"publisher\":{\"@id\":\"https:\/\/hrac.mx\/#organization\"},\"potentialAction\":[{\"@type\":\"SearchAction\",\"target\":{\"@type\":\"EntryPoint\",\"urlTemplate\":\"https:\/\/hrac.mx\/?s={search_term_string}\"},\"query-input\":{\"@type\":\"PropertyValueSpecification\",\"valueRequired\":true,\"valueName\":\"search_term_string\"}}],\"inLanguage\":\"es\"},{\"@type\":\"Organization\",\"@id\":\"https:\/\/hrac.mx\/#organization\",\"name\":\"H\u00e1bitats Resilientes A.C.\",\"url\":\"https:\/\/hrac.mx\/\",\"logo\":{\"@type\":\"ImageObject\",\"inLanguage\":\"es\",\"@id\":\"https:\/\/hrac.mx\/#\/schema\/logo\/image\/\",\"url\":\"https:\/\/hrac.mx\/wp-content\/uploads\/2020\/07\/HR_RGB-01-1.png\",\"contentUrl\":\"https:\/\/hrac.mx\/wp-content\/uploads\/2020\/07\/HR_RGB-01-1.png\",\"width\":1063,\"height\":827,\"caption\":\"H\u00e1bitats Resilientes A.C.\"},\"image\":{\"@id\":\"https:\/\/hrac.mx\/#\/schema\/logo\/image\/\"},\"sameAs\":[\"https:\/\/www.facebook.com\/H\u00e1bitats-resilientes-AC-108879090900599\/?modal=admin_todo_tour\",\"https:\/\/x.com\/habitatsresili1\",\"https:\/\/www.instagram.com\/habitatsresilientesmx\/\"]}]}<\/script>\n<!-- \/ Yoast SEO plugin. -->","yoast_head_json":{"title":"elaboraci\u00f3n de Manifiesto de impacto ambiental &#187; hrac.mx","description":"Exenci\u00f3n del MIA que garantiza que las acciones del proyecto tengan un impacto positivo para los fines de conservaci\u00f3n de los sitios","robots":{"index":"index","follow":"follow","max-snippet":"max-snippet:-1","max-image-preview":"max-image-preview:large","max-video-preview":"max-video-preview:-1"},"canonical":"https:\/\/hrac.mx\/?page_id=776","og_locale":"es_MX","og_type":"article","og_title":"elaboraci\u00f3n de Manifiesto de impacto ambiental &#187; hrac.mx","og_description":"Exenci\u00f3n del MIA que garantiza que las acciones del proyecto tengan un impacto positivo para los fines de conservaci\u00f3n de los sitios","og_url":"https:\/\/hrac.mx\/?page_id=776","og_site_name":"hrac.mx","article_publisher":"https:\/\/www.facebook.com\/H%c3%a1bitats-resilientes-AC-108879090900599\/?modal=admin_todo_tour","article_modified_time":"2020-11-29T07:02:30+00:00","og_image":[{"url":"http:\/\/hrac.mx\/wp-content\/uploads\/2020\/11\/image001.png","type":"","width":"","height":""}],"twitter_card":"summary_large_image","twitter_site":"@habitatsresili1","twitter_misc":{"Tiempo de lectura":"1 minuto"},"schema":{"@context":"https:\/\/schema.org","@graph":[{"@type":"WebPage","@id":"https:\/\/hrac.mx\/?page_id=776","url":"https:\/\/hrac.mx\/?page_id=776","name":"elaboraci\u00f3n de Manifiesto de impacto ambiental &#187; hrac.mx","isPartOf":{"@id":"https:\/\/hrac.mx\/#website"},"primaryImageOfPage":{"@id":"https:\/\/hrac.mx\/?page_id=776#primaryimage"},"image":{"@id":"https:\/\/hrac.mx\/?page_id=776#primaryimage"},"thumbnailUrl":"http:\/\/hrac.mx\/wp-content\/uploads\/2020\/11\/image001.png","datePublished":"2020-11-29T06:11:50+00:00","dateModified":"2020-11-29T07:02:30+00:00","description":"Exenci\u00f3n del MIA que garantiza que las acciones del proyecto tengan un impacto positivo para los fines de conservaci\u00f3n de los sitios","breadcrumb":{"@id":"https:\/\/hrac.mx\/?page_id=776#breadcrumb"},"inLanguage":"es","potentialAction":[{"@type":"ReadAction","target":["https:\/\/hrac.mx\/?page_id=776"]}]},{"@type":"ImageObject","inLanguage":"es","@id":"https:\/\/hrac.mx\/?page_id=776#primaryimage","url":"https:\/\/hrac.mx\/wp-content\/uploads\/2020\/11\/image001.png","contentUrl":"https:\/\/hrac.mx\/wp-content\/uploads\/2020\/11\/image001.png","width":420,"height":239,"caption":"Bordo en mal estado"},{"@type":"BreadcrumbList","@id":"https:\/\/hrac.mx\/?page_id=776#breadcrumb","itemListElement":[{"@type":"ListItem","position":1,"name":"Home","item":"https:\/\/hrac.mx\/"},{"@type":"ListItem","position":2,"name":"elaboraci\u00f3n de Manifiesto de impacto ambiental"}]},{"@type":"WebSite","@id":"https:\/\/hrac.mx\/#website","url":"https:\/\/hrac.mx\/","name":"hrac.mx","description":"Conservaci\u00f3n del medio ambiente","publisher":{"@id":"https:\/\/hrac.mx\/#organization"},"potentialAction":[{"@type":"SearchAction","target":{"@type":"EntryPoint","urlTemplate":"https:\/\/hrac.mx\/?s={search_term_string}"},"query-input":{"@type":"PropertyValueSpecification","valueRequired":true,"valueName":"search_term_string"}}],"inLanguage":"es"},{"@type":"Organization","@id":"https:\/\/hrac.mx\/#organization","name":"H\u00e1bitats Resilientes A.C.","url":"https:\/\/hrac.mx\/","logo":{"@type":"ImageObject","inLanguage":"es","@id":"https:\/\/hrac.mx\/#\/schema\/logo\/image\/","url":"https:\/\/hrac.mx\/wp-content\/uploads\/2020\/07\/HR_RGB-01-1.png","contentUrl":"https:\/\/hrac.mx\/wp-content\/uploads\/2020\/07\/HR_RGB-01-1.png","width":1063,"height":827,"caption":"H\u00e1bitats Resilientes A.C."},"image":{"@id":"https:\/\/hrac.mx\/#\/schema\/logo\/image\/"},"sameAs":["https:\/\/www.facebook.com\/H\u00e1bitats-resilientes-AC-108879090900599\/?modal=admin_todo_tour","https:\/\/x.com\/habitatsresili1","https:\/\/www.instagram.com\/habitatsresilientesmx\/"]}]}},"_links":{"self":[{"href":"https:\/\/hrac.mx\/index.php?rest_route=\/wp\/v2\/pages\/776","targetHints":{"allow":["GET"]}}],"collection":[{"href":"https:\/\/hrac.mx\/index.php?rest_route=\/wp\/v2\/pages"}],"about":[{"href":"https:\/\/hrac.mx\/index.php?rest_route=\/wp\/v2\/types\/page"}],"author":[{"embeddable":true,"href":"https:\/\/hrac.mx\/index.php?rest_route=\/wp\/v2\/users\/1"}],"replies":[{"embeddable":true,"href":"https:\/\/hrac.mx\/index.php?rest_route=%2Fwp%2Fv2%2Fcomments&post=776"}],"version-history":[{"count":36,"href":"https:\/\/hrac.mx\/index.php?rest_route=\/wp\/v2\/pages\/776\/revisions"}],"predecessor-version":[{"id":831,"href":"https:\/\/hrac.mx\/index.php?rest_route=\/wp\/v2\/pages\/776\/revisions\/831"}],"wp:attachment":[{"href":"https:\/\/hrac.mx\/index.php?rest_route=%2Fwp%2Fv2%2Fmedia&parent=776"}],"curies":[{"name":"wp","href":"https:\/\/api.w.org\/{rel}","templated":true}]}}