{"id":805,"date":"2020-11-29T00:30:17","date_gmt":"2020-11-29T06:30:17","guid":{"rendered":"http:\/\/hrac.mx\/?page_id=805"},"modified":"2020-11-29T00:57:42","modified_gmt":"2020-11-29T06:57:42","slug":"gestion-para-la-construccion-de-estacion-biologica-en-el-pncm","status":"publish","type":"page","link":"https:\/\/hrac.mx\/?page_id=805","title":{"rendered":"Estaci\u00f3n biol\u00f3gica"},"content":{"rendered":"\t\t<div data-elementor-type=\"wp-page\" data-elementor-id=\"805\" class=\"elementor elementor-805\">\n\t\t\t\t\t\t<section class=\"elementor-section elementor-top-section elementor-element elementor-element-239b1af elementor-section-boxed elementor-section-height-default elementor-section-height-default\" data-id=\"239b1af\" data-element_type=\"section\">\n\t\t\t\t\t\t<div class=\"elementor-container elementor-column-gap-default\">\n\t\t\t\t\t<div class=\"elementor-column elementor-col-100 elementor-top-column elementor-element elementor-element-73a328b\" data-id=\"73a328b\" data-element_type=\"column\">\n\t\t\t<div class=\"elementor-widget-wrap elementor-element-populated\">\n\t\t\t\t\t\t<div class=\"elementor-element elementor-element-9829379 elementor-widget elementor-widget-heading\" data-id=\"9829379\" data-element_type=\"widget\" data-widget_type=\"heading.default\">\n\t\t\t\t<div class=\"elementor-widget-container\">\n\t\t\t\t\t<h2 class=\"elementor-heading-title elementor-size-default\">Gesti\u00f3n para la construcci\u00f3n de estaci\u00f3n biol\u00f3gica<\/h2>\t\t\t\t<\/div>\n\t\t\t\t<\/div>\n\t\t\t\t<div class=\"elementor-element elementor-element-695aa14 elementor-widget elementor-widget-spacer\" data-id=\"695aa14\" data-element_type=\"widget\" data-widget_type=\"spacer.default\">\n\t\t\t\t<div class=\"elementor-widget-container\">\n\t\t\t\t\t\t\t<div class=\"elementor-spacer\">\n\t\t\t<div class=\"elementor-spacer-inner\"><\/div>\n\t\t<\/div>\n\t\t\t\t\t\t<\/div>\n\t\t\t\t<\/div>\n\t\t\t\t\t<\/div>\n\t\t<\/div>\n\t\t\t\t\t<\/div>\n\t\t<\/section>\n\t\t\t\t<section class=\"elementor-section elementor-top-section elementor-element elementor-element-455bb95 elementor-section-boxed elementor-section-height-default elementor-section-height-default\" data-id=\"455bb95\" data-element_type=\"section\">\n\t\t\t\t\t\t<div class=\"elementor-container elementor-column-gap-default\">\n\t\t\t\t\t<div class=\"elementor-column elementor-col-50 elementor-top-column elementor-element elementor-element-efa3706\" data-id=\"efa3706\" data-element_type=\"column\">\n\t\t\t<div class=\"elementor-widget-wrap elementor-element-populated\">\n\t\t\t\t\t\t<div class=\"elementor-element elementor-element-62a3244 elementor-widget elementor-widget-text-editor\" data-id=\"62a3244\" data-element_type=\"widget\" data-widget_type=\"text-editor.default\">\n\t\t\t\t<div class=\"elementor-widget-container\">\n\t\t\t\t\t\t\t\t\t<ul><li>Sitio: Ejido La Trinidad, Montemorelos, Nuevo Le\u00f3n<\/li><li>Socio: Facultad de Ciencias Biol\u00f3gicas, UANL.<\/li><li>Plazo de ejecuci\u00f3n: Noviembre 2020 a mayo 2021<\/li><\/ul><p class=\"p1\"><span class=\"s1\">En colaboraci\u00f3n con la Facultad de Ciencias Biol\u00f3gicas de la Universidad Aut\u00f3noma de Nuevo Le\u00f3n (FCB UANL) estamos gestionando con el Ejido la Trinidad un acuerdo para la instalaci\u00f3n de una Estaci\u00f3n Biol\u00f3gica dentro de la zona n\u00facleo del \u00c1rea Natural Protegida Parque Nacional Cumbres de Monterrey. <\/span><\/p><p class=\"p1\"><span class=\"s1\">El objetivo es que el ejido otorgue en comodato 1 hect\u00e1rea de su territorio donde se construir\u00e1n instalaciones para albergar investigadores y estudiantes de la UANL quienes generar\u00e1n informaci\u00f3n sobre la biodiversidad que existe en la zona.<\/span><\/p>\t\t\t\t\t\t\t\t<\/div>\n\t\t\t\t<\/div>\n\t\t\t\t\t<\/div>\n\t\t<\/div>\n\t\t\t\t<div class=\"elementor-column elementor-col-50 elementor-top-column elementor-element elementor-element-ac06ee0\" data-id=\"ac06ee0\" data-element_type=\"column\">\n\t\t\t<div class=\"elementor-widget-wrap elementor-element-populated\">\n\t\t\t\t\t\t<div class=\"elementor-element elementor-element-caf4798 elementor-widget elementor-widget-image\" data-id=\"caf4798\" data-element_type=\"widget\" data-widget_type=\"image.default\">\n\t\t\t\t<div class=\"elementor-widget-container\">\n\t\t\t\t\t\t\t\t\t\t\t\t<figure class=\"wp-caption\">\n\t\t\t\t\t\t\t\t\t\t<img fetchpriority=\"high\" decoding=\"async\" width=\"1024\" height=\"768\" src=\"https:\/\/hrac.mx\/wp-content\/uploads\/2020\/11\/Webp.net-resizeimage-1024x768.jpg\" class=\"attachment-large size-large wp-image-809\" alt=\"Gesti\u00f3n\" srcset=\"https:\/\/hrac.mx\/wp-content\/uploads\/2020\/11\/Webp.net-resizeimage-1024x768.jpg 1024w, https:\/\/hrac.mx\/wp-content\/uploads\/2020\/11\/Webp.net-resizeimage-300x225.jpg 300w, https:\/\/hrac.mx\/wp-content\/uploads\/2020\/11\/Webp.net-resizeimage-768x576.jpg 768w, https:\/\/hrac.mx\/wp-content\/uploads\/2020\/11\/Webp.net-resizeimage.jpg 1032w\" sizes=\"(max-width: 1024px) 100vw, 1024px\" \/>\t\t\t\t\t\t\t\t\t\t\t<figcaption class=\"widget-image-caption wp-caption-text\">Ejido La Trinidad, Montemorelos, NL<\/figcaption>\n\t\t\t\t\t\t\t\t\t\t<\/figure>\n\t\t\t\t\t\t\t\t\t<\/div>\n\t\t\t\t<\/div>\n\t\t\t\t\t<\/div>\n\t\t<\/div>\n\t\t\t\t\t<\/div>\n\t\t<\/section>\n\t\t\t\t<section class=\"elementor-section elementor-top-section elementor-element elementor-element-34a03fa elementor-section-boxed elementor-section-height-default elementor-section-height-default\" data-id=\"34a03fa\" data-element_type=\"section\">\n\t\t\t\t\t\t<div class=\"elementor-container elementor-column-gap-default\">\n\t\t\t\t\t<div class=\"elementor-column elementor-col-100 elementor-top-column elementor-element elementor-element-8b8d34e\" data-id=\"8b8d34e\" data-element_type=\"column\">\n\t\t\t<div class=\"elementor-widget-wrap elementor-element-populated\">\n\t\t\t\t\t\t<div class=\"elementor-element elementor-element-a42f8a3 elementor-widget elementor-widget-progress\" data-id=\"a42f8a3\" data-element_type=\"widget\" data-widget_type=\"progress.default\">\n\t\t\t\t<div class=\"elementor-widget-container\">\n\t\t\t\t\t\t\t\t<span class=\"elementor-title\" id=\"elementor-progress-bar-a42f8a3\">\n\t\t\t\tAvance de proyecto\t\t\t<\/span>\n\t\t\n\t\t<div aria-labelledby=\"elementor-progress-bar-a42f8a3\" class=\"elementor-progress-wrapper\" role=\"progressbar\" aria-valuemin=\"0\" aria-valuemax=\"100\" aria-valuenow=\"60\" aria-valuetext=\"60% (En espera de la resoluci\u00f3n)\">\n\t\t\t<div class=\"elementor-progress-bar\" data-max=\"60\">\n\t\t\t\t<span class=\"elementor-progress-text\">En espera de la resoluci\u00f3n<\/span>\n\t\t\t\t\t\t\t\t\t<span class=\"elementor-progress-percentage\">60%<\/span>\n\t\t\t\t\t\t\t<\/div>\n\t\t<\/div>\n\t\t\t\t\t\t<\/div>\n\t\t\t\t<\/div>\n\t\t\t\t\t<\/div>\n\t\t<\/div>\n\t\t\t\t\t<\/div>\n\t\t<\/section>\n\t\t\t\t<section class=\"elementor-section elementor-top-section elementor-element elementor-element-801bff5 elementor-section-boxed elementor-section-height-default elementor-section-height-default\" data-id=\"801bff5\" data-element_type=\"section\">\n\t\t\t\t\t\t<div class=\"elementor-container elementor-column-gap-default\">\n\t\t\t\t\t<div class=\"elementor-column elementor-col-100 elementor-top-column elementor-element elementor-element-487884d\" data-id=\"487884d\" data-element_type=\"column\">\n\t\t\t<div class=\"elementor-widget-wrap elementor-element-populated\">\n\t\t\t\t\t\t<div class=\"elementor-element elementor-element-10ea68f elementor-widget elementor-widget-spacer\" data-id=\"10ea68f\" data-element_type=\"widget\" data-widget_type=\"spacer.default\">\n\t\t\t\t<div class=\"elementor-widget-container\">\n\t\t\t\t\t\t\t<div class=\"elementor-spacer\">\n\t\t\t<div class=\"elementor-spacer-inner\"><\/div>\n\t\t<\/div>\n\t\t\t\t\t\t<\/div>\n\t\t\t\t<\/div>\n\t\t\t\t<div class=\"elementor-element elementor-element-2588d3d elementor-widget elementor-widget-heading\" data-id=\"2588d3d\" data-element_type=\"widget\" data-widget_type=\"heading.default\">\n\t\t\t\t<div class=\"elementor-widget-container\">\n\t\t\t\t\t<h3 class=\"elementor-heading-title elementor-size-default\">Para saber m\u00e1s...<\/h3>\t\t\t\t<\/div>\n\t\t\t\t<\/div>\n\t\t\t\t\t<\/div>\n\t\t<\/div>\n\t\t\t\t\t<\/div>\n\t\t<\/section>\n\t\t\t\t<section class=\"elementor-section elementor-top-section elementor-element elementor-element-5a7c8cd elementor-section-boxed elementor-section-height-default elementor-section-height-default\" data-id=\"5a7c8cd\" data-element_type=\"section\">\n\t\t\t\t\t\t<div class=\"elementor-container elementor-column-gap-default\">\n\t\t\t\t\t<div class=\"elementor-column elementor-col-100 elementor-top-column elementor-element elementor-element-243aaad\" data-id=\"243aaad\" data-element_type=\"column\">\n\t\t\t<div class=\"elementor-widget-wrap elementor-element-populated\">\n\t\t\t\t\t\t<div class=\"elementor-element elementor-element-1cfbc0c elementor-widget elementor-widget-text-editor\" data-id=\"1cfbc0c\" data-element_type=\"widget\" data-widget_type=\"text-editor.default\">\n\t\t\t\t<div class=\"elementor-widget-container\">\n\t\t\t\t\t\t\t\t\t<p style=\"text-align: center;\"><a href=\"https:\/\/ovis.org.mx\/uncategorized\/que-son-y-para-que-sirven-las-estaciones-biologicas\/#:~:text=Las%20estaciones%20biol%C3%B3gicas%20son%20centros,donde%20la%20estaci%C3%B3n%20se%20ubique.\"target=\"_blank\">\u21d2 \u00bfQu\u00e9 son y para qu\u00e9 sirven las estaciones biol\u00f3gicas?<\/a><\/p>\t\t\t\t\t\t\t\t<\/div>\n\t\t\t\t<\/div>\n\t\t\t\t\t<\/div>\n\t\t<\/div>\n\t\t\t\t\t<\/div>\n\t\t<\/section>\n\t\t\t\t<\/div>\n\t\t","protected":false},"excerpt":{"rendered":"<p>Gesti\u00f3n para la construcci\u00f3n de estaci\u00f3n biol\u00f3gica Sitio: Ejido La Trinidad, Montemorelos, Nuevo Le\u00f3n Socio: Facultad de Ciencias Biol\u00f3gicas, UANL. Plazo de ejecuci\u00f3n: Noviembre 2020 a mayo 2021 En colaboraci\u00f3n con la Facultad de Ciencias Biol\u00f3gicas de la Universidad Aut\u00f3noma de Nuevo Le\u00f3n (FCB UANL) estamos gestionando con el Ejido la Trinidad un acuerdo para [&hellip;]<\/p>\n","protected":false},"author":1,"featured_media":0,"parent":0,"menu_order":0,"comment_status":"closed","ping_status":"closed","template":"","meta":{"om_disable_all_campaigns":false,"site-sidebar-layout":"no-sidebar","site-content-layout":"page-builder","ast-site-content-layout":"","site-content-style":"default","site-sidebar-style":"default","ast-global-header-display":"","ast-banner-title-visibility":"","ast-main-header-display":"","ast-hfb-above-header-display":"","ast-hfb-below-header-display":"","ast-hfb-mobile-header-display":"","site-post-title":"disabled","ast-breadcrumbs-content":"","ast-featured-img":"disabled","footer-sml-layout":"","theme-transparent-header-meta":"default","adv-header-id-meta":"","stick-header-meta":"","header-above-stick-meta":"","header-main-stick-meta":"","header-below-stick-meta":"","astra-migrate-meta-layouts":"default","ast-page-background-enabled":"default","ast-page-background-meta":{"desktop":{"background-color":"var(--ast-global-color-4)","background-image":"","background-repeat":"repeat","background-position":"center center","background-size":"auto","background-attachment":"scroll","background-type":"","background-media":"","overlay-type":"","overlay-color":"","overlay-gradient":""},"tablet":{"background-color":"","background-image":"","background-repeat":"repeat","background-position":"center center","background-size":"auto","background-attachment":"scroll","background-type":"","background-media":"","overlay-type":"","overlay-color":"","overlay-gradient":""},"mobile":{"background-color":"","background-image":"","background-repeat":"repeat","background-position":"center center","background-size":"auto","background-attachment":"scroll","background-type":"","background-media":"","overlay-type":"","overlay-color":"","overlay-gradient":""}},"ast-content-background-meta":{"desktop":{"background-color":"var(--ast-global-color-5)","background-image":"","background-repeat":"repeat","background-position":"center center","background-size":"auto","background-attachment":"scroll","background-type":"","background-media":"","overlay-type":"","overlay-color":"","overlay-gradient":""},"tablet":{"background-color":"var(--ast-global-color-5)","background-image":"","background-repeat":"repeat","background-position":"center center","background-size":"auto","background-attachment":"scroll","background-type":"","background-media":"","overlay-type":"","overlay-color":"","overlay-gradient":""},"mobile":{"background-color":"var(--ast-global-color-5)","background-image":"","background-repeat":"repeat","background-position":"center center","background-size":"auto","background-attachment":"scroll","background-type":"","background-media":"","overlay-type":"","overlay-color":"","overlay-gradient":""}},"footnotes":""},"class_list":["post-805","page","type-page","status-publish","hentry"],"yoast_head":"<!-- This site is optimized with the Yoast SEO plugin v25.3.1 - https:\/\/yoast.com\/wordpress\/plugins\/seo\/ -->\n<title>Estaci\u00f3n biol\u00f3gica &#187; hrac.mx<\/title>\n<meta name=\"description\" content=\"Instalaci\u00f3n de una Estaci\u00f3n Biol\u00f3gica dentro de la zona n\u00facleo del \u00c1rea Natural Protegida Parque Nacional Cumbres de Monterrey\" \/>\n<meta name=\"robots\" content=\"index, follow, max-snippet:-1, max-image-preview:large, max-video-preview:-1\" \/>\n<link rel=\"canonical\" href=\"https:\/\/hrac.mx\/?page_id=805\" \/>\n<meta property=\"og:locale\" content=\"es_MX\" \/>\n<meta property=\"og:type\" content=\"article\" \/>\n<meta property=\"og:title\" content=\"Estaci\u00f3n biol\u00f3gica &#187; hrac.mx\" \/>\n<meta property=\"og:description\" content=\"Instalaci\u00f3n de una Estaci\u00f3n Biol\u00f3gica dentro de la zona n\u00facleo del \u00c1rea Natural Protegida Parque Nacional Cumbres de Monterrey\" \/>\n<meta property=\"og:url\" content=\"https:\/\/hrac.mx\/?page_id=805\" \/>\n<meta property=\"og:site_name\" content=\"hrac.mx\" \/>\n<meta property=\"article:publisher\" content=\"https:\/\/www.facebook.com\/H%c3%a1bitats-resilientes-AC-108879090900599\/?modal=admin_todo_tour\" \/>\n<meta property=\"article:modified_time\" content=\"2020-11-29T06:57:42+00:00\" \/>\n<meta property=\"og:image\" content=\"http:\/\/hrac.mx\/wp-content\/uploads\/2020\/11\/Webp.net-resizeimage-1024x768.jpg\" \/>\n<meta name=\"twitter:card\" content=\"summary_large_image\" \/>\n<meta name=\"twitter:site\" content=\"@habitatsresili1\" \/>\n<meta name=\"twitter:label1\" content=\"Tiempo de lectura\" \/>\n\t<meta name=\"twitter:data1\" content=\"1 minuto\" \/>\n<script type=\"application\/ld+json\" class=\"yoast-schema-graph\">{\"@context\":\"https:\/\/schema.org\",\"@graph\":[{\"@type\":\"WebPage\",\"@id\":\"https:\/\/hrac.mx\/?page_id=805\",\"url\":\"https:\/\/hrac.mx\/?page_id=805\",\"name\":\"Estaci\u00f3n biol\u00f3gica &#187; hrac.mx\",\"isPartOf\":{\"@id\":\"https:\/\/hrac.mx\/#website\"},\"primaryImageOfPage\":{\"@id\":\"https:\/\/hrac.mx\/?page_id=805#primaryimage\"},\"image\":{\"@id\":\"https:\/\/hrac.mx\/?page_id=805#primaryimage\"},\"thumbnailUrl\":\"http:\/\/hrac.mx\/wp-content\/uploads\/2020\/11\/Webp.net-resizeimage-1024x768.jpg\",\"datePublished\":\"2020-11-29T06:30:17+00:00\",\"dateModified\":\"2020-11-29T06:57:42+00:00\",\"description\":\"Instalaci\u00f3n de una Estaci\u00f3n Biol\u00f3gica dentro de la zona n\u00facleo del \u00c1rea Natural Protegida Parque Nacional Cumbres de Monterrey\",\"breadcrumb\":{\"@id\":\"https:\/\/hrac.mx\/?page_id=805#breadcrumb\"},\"inLanguage\":\"es\",\"potentialAction\":[{\"@type\":\"ReadAction\",\"target\":[\"https:\/\/hrac.mx\/?page_id=805\"]}]},{\"@type\":\"ImageObject\",\"inLanguage\":\"es\",\"@id\":\"https:\/\/hrac.mx\/?page_id=805#primaryimage\",\"url\":\"http:\/\/hrac.mx\/wp-content\/uploads\/2020\/11\/Webp.net-resizeimage-1024x768.jpg\",\"contentUrl\":\"http:\/\/hrac.mx\/wp-content\/uploads\/2020\/11\/Webp.net-resizeimage-1024x768.jpg\"},{\"@type\":\"BreadcrumbList\",\"@id\":\"https:\/\/hrac.mx\/?page_id=805#breadcrumb\",\"itemListElement\":[{\"@type\":\"ListItem\",\"position\":1,\"name\":\"Home\",\"item\":\"https:\/\/hrac.mx\/\"},{\"@type\":\"ListItem\",\"position\":2,\"name\":\"Estaci\u00f3n biol\u00f3gica\"}]},{\"@type\":\"WebSite\",\"@id\":\"https:\/\/hrac.mx\/#website\",\"url\":\"https:\/\/hrac.mx\/\",\"name\":\"hrac.mx\",\"description\":\"Conservaci\u00f3n del medio ambiente\",\"publisher\":{\"@id\":\"https:\/\/hrac.mx\/#organization\"},\"potentialAction\":[{\"@type\":\"SearchAction\",\"target\":{\"@type\":\"EntryPoint\",\"urlTemplate\":\"https:\/\/hrac.mx\/?s={search_term_string}\"},\"query-input\":{\"@type\":\"PropertyValueSpecification\",\"valueRequired\":true,\"valueName\":\"search_term_string\"}}],\"inLanguage\":\"es\"},{\"@type\":\"Organization\",\"@id\":\"https:\/\/hrac.mx\/#organization\",\"name\":\"H\u00e1bitats Resilientes A.C.\",\"url\":\"https:\/\/hrac.mx\/\",\"logo\":{\"@type\":\"ImageObject\",\"inLanguage\":\"es\",\"@id\":\"https:\/\/hrac.mx\/#\/schema\/logo\/image\/\",\"url\":\"https:\/\/hrac.mx\/wp-content\/uploads\/2020\/07\/HR_RGB-01-1.png\",\"contentUrl\":\"https:\/\/hrac.mx\/wp-content\/uploads\/2020\/07\/HR_RGB-01-1.png\",\"width\":1063,\"height\":827,\"caption\":\"H\u00e1bitats Resilientes A.C.\"},\"image\":{\"@id\":\"https:\/\/hrac.mx\/#\/schema\/logo\/image\/\"},\"sameAs\":[\"https:\/\/www.facebook.com\/H\u00e1bitats-resilientes-AC-108879090900599\/?modal=admin_todo_tour\",\"https:\/\/x.com\/habitatsresili1\",\"https:\/\/www.instagram.com\/habitatsresilientesmx\/\"]}]}<\/script>\n<!-- \/ Yoast SEO plugin. -->","yoast_head_json":{"title":"Estaci\u00f3n biol\u00f3gica &#187; hrac.mx","description":"Instalaci\u00f3n de una Estaci\u00f3n Biol\u00f3gica dentro de la zona n\u00facleo del \u00c1rea Natural Protegida Parque Nacional Cumbres de Monterrey","robots":{"index":"index","follow":"follow","max-snippet":"max-snippet:-1","max-image-preview":"max-image-preview:large","max-video-preview":"max-video-preview:-1"},"canonical":"https:\/\/hrac.mx\/?page_id=805","og_locale":"es_MX","og_type":"article","og_title":"Estaci\u00f3n biol\u00f3gica &#187; hrac.mx","og_description":"Instalaci\u00f3n de una Estaci\u00f3n Biol\u00f3gica dentro de la zona n\u00facleo del \u00c1rea Natural Protegida Parque Nacional Cumbres de Monterrey","og_url":"https:\/\/hrac.mx\/?page_id=805","og_site_name":"hrac.mx","article_publisher":"https:\/\/www.facebook.com\/H%c3%a1bitats-resilientes-AC-108879090900599\/?modal=admin_todo_tour","article_modified_time":"2020-11-29T06:57:42+00:00","og_image":[{"url":"http:\/\/hrac.mx\/wp-content\/uploads\/2020\/11\/Webp.net-resizeimage-1024x768.jpg","type":"","width":"","height":""}],"twitter_card":"summary_large_image","twitter_site":"@habitatsresili1","twitter_misc":{"Tiempo de lectura":"1 minuto"},"schema":{"@context":"https:\/\/schema.org","@graph":[{"@type":"WebPage","@id":"https:\/\/hrac.mx\/?page_id=805","url":"https:\/\/hrac.mx\/?page_id=805","name":"Estaci\u00f3n biol\u00f3gica &#187; hrac.mx","isPartOf":{"@id":"https:\/\/hrac.mx\/#website"},"primaryImageOfPage":{"@id":"https:\/\/hrac.mx\/?page_id=805#primaryimage"},"image":{"@id":"https:\/\/hrac.mx\/?page_id=805#primaryimage"},"thumbnailUrl":"http:\/\/hrac.mx\/wp-content\/uploads\/2020\/11\/Webp.net-resizeimage-1024x768.jpg","datePublished":"2020-11-29T06:30:17+00:00","dateModified":"2020-11-29T06:57:42+00:00","description":"Instalaci\u00f3n de una Estaci\u00f3n Biol\u00f3gica dentro de la zona n\u00facleo del \u00c1rea Natural Protegida Parque Nacional Cumbres de Monterrey","breadcrumb":{"@id":"https:\/\/hrac.mx\/?page_id=805#breadcrumb"},"inLanguage":"es","potentialAction":[{"@type":"ReadAction","target":["https:\/\/hrac.mx\/?page_id=805"]}]},{"@type":"ImageObject","inLanguage":"es","@id":"https:\/\/hrac.mx\/?page_id=805#primaryimage","url":"http:\/\/hrac.mx\/wp-content\/uploads\/2020\/11\/Webp.net-resizeimage-1024x768.jpg","contentUrl":"http:\/\/hrac.mx\/wp-content\/uploads\/2020\/11\/Webp.net-resizeimage-1024x768.jpg"},{"@type":"BreadcrumbList","@id":"https:\/\/hrac.mx\/?page_id=805#breadcrumb","itemListElement":[{"@type":"ListItem","position":1,"name":"Home","item":"https:\/\/hrac.mx\/"},{"@type":"ListItem","position":2,"name":"Estaci\u00f3n biol\u00f3gica"}]},{"@type":"WebSite","@id":"https:\/\/hrac.mx\/#website","url":"https:\/\/hrac.mx\/","name":"hrac.mx","description":"Conservaci\u00f3n del medio ambiente","publisher":{"@id":"https:\/\/hrac.mx\/#organization"},"potentialAction":[{"@type":"SearchAction","target":{"@type":"EntryPoint","urlTemplate":"https:\/\/hrac.mx\/?s={search_term_string}"},"query-input":{"@type":"PropertyValueSpecification","valueRequired":true,"valueName":"search_term_string"}}],"inLanguage":"es"},{"@type":"Organization","@id":"https:\/\/hrac.mx\/#organization","name":"H\u00e1bitats Resilientes A.C.","url":"https:\/\/hrac.mx\/","logo":{"@type":"ImageObject","inLanguage":"es","@id":"https:\/\/hrac.mx\/#\/schema\/logo\/image\/","url":"https:\/\/hrac.mx\/wp-content\/uploads\/2020\/07\/HR_RGB-01-1.png","contentUrl":"https:\/\/hrac.mx\/wp-content\/uploads\/2020\/07\/HR_RGB-01-1.png","width":1063,"height":827,"caption":"H\u00e1bitats Resilientes A.C."},"image":{"@id":"https:\/\/hrac.mx\/#\/schema\/logo\/image\/"},"sameAs":["https:\/\/www.facebook.com\/H\u00e1bitats-resilientes-AC-108879090900599\/?modal=admin_todo_tour","https:\/\/x.com\/habitatsresili1","https:\/\/www.instagram.com\/habitatsresilientesmx\/"]}]}},"_links":{"self":[{"href":"https:\/\/hrac.mx\/index.php?rest_route=\/wp\/v2\/pages\/805","targetHints":{"allow":["GET"]}}],"collection":[{"href":"https:\/\/hrac.mx\/index.php?rest_route=\/wp\/v2\/pages"}],"about":[{"href":"https:\/\/hrac.mx\/index.php?rest_route=\/wp\/v2\/types\/page"}],"author":[{"embeddable":true,"href":"https:\/\/hrac.mx\/index.php?rest_route=\/wp\/v2\/users\/1"}],"replies":[{"embeddable":true,"href":"https:\/\/hrac.mx\/index.php?rest_route=%2Fwp%2Fv2%2Fcomments&post=805"}],"version-history":[{"count":11,"href":"https:\/\/hrac.mx\/index.php?rest_route=\/wp\/v2\/pages\/805\/revisions"}],"predecessor-version":[{"id":826,"href":"https:\/\/hrac.mx\/index.php?rest_route=\/wp\/v2\/pages\/805\/revisions\/826"}],"wp:attachment":[{"href":"https:\/\/hrac.mx\/index.php?rest_route=%2Fwp%2Fv2%2Fmedia&parent=805"}],"curies":[{"name":"wp","href":"https:\/\/api.w.org\/{rel}","templated":true}]}}